{"id":1897,"date":"2026-03-29T19:01:48","date_gmt":"2026-03-29T17:01:48","guid":{"rendered":"https:\/\/www.qi-gaia.be\/?post_type=product&#038;p=1897"},"modified":"2026-03-29T19:01:48","modified_gmt":"2026-03-29T17:01:48","slug":"relaxation-guidee-frequentielle-retour-a-soi","status":"publish","type":"product","link":"https:\/\/www.qi-gaia.be\/?product=relaxation-guidee-frequentielle-retour-a-soi","title":{"rendered":"Relaxation guid\u00e9e fr\u00e9quentielle \u2014 Retour \u00e0 soi"},"content":{"rendered":"<p data-start=\"176\" data-end=\"371\">Il y a des moments o\u00f9 tout va trop vite\u2026<br data-start=\"216\" data-end=\"219\" \/>o\u00f9 le mental s\u2019agite\u2026<br data-start=\"240\" data-end=\"243\" \/>o\u00f9 le corps se tend\u2026<br data-start=\"263\" data-end=\"266\" \/>o\u00f9 l\u2019on s\u2019\u00e9loigne, sans m\u00eame s\u2019en rendre compte, de cet espace int\u00e9rieur qui nous ressource profond\u00e9ment.<\/p>\n<p data-start=\"373\" data-end=\"508\">Cette relaxation guid\u00e9e fr\u00e9quentielle est une invitation \u00e0 revenir\u2026<br data-start=\"440\" data-end=\"443\" \/>\u00e0 revenir \u00e0 toi\u2026<br data-start=\"459\" data-end=\"462\" \/>\u00e0 ton corps\u2026<br data-start=\"474\" data-end=\"477\" \/>\u00e0 ton souffle\u2026<br data-start=\"491\" data-end=\"494\" \/>\u00e0 ta pr\u00e9sence.<\/p>\n<p data-start=\"510\" data-end=\"686\">\u00c0 travers ma voix, les silences, et les fr\u00e9quences subtiles qui se diffusent tout au long du soin, tu es guid\u00e9e dans un rel\u00e2chement progressif\u2026 doux\u2026 respectueux de ton rythme.<\/p>\n<p data-start=\"688\" data-end=\"802\">Le corps se d\u00e9pose\u2026<br data-start=\"707\" data-end=\"710\" \/>le syst\u00e8me nerveux s\u2019apaise\u2026<br data-start=\"738\" data-end=\"741\" \/>les tensions se rel\u00e2chent\u2026<br data-start=\"767\" data-end=\"770\" \/>et peu \u00e0 peu\u2026 un espace s\u2019ouvre.<\/p>\n<p data-start=\"804\" data-end=\"895\">Un espace dans lequel tu peux simplement \u00eatre\u2026<br data-start=\"850\" data-end=\"853\" \/>sans attente\u2026<br data-start=\"866\" data-end=\"869\" \/>sans pression\u2026<br data-start=\"883\" data-end=\"886\" \/>juste l\u00e0.<\/p>\n<p data-start=\"897\" data-end=\"1101\">Les fr\u00e9quences agissent en profondeur, venant soutenir l\u2019harmonisation du corps et de l\u2019esprit, comme une vague invisible qui remet du mouvement l\u00e0 o\u00f9 c\u2019\u00e9tait fig\u00e9, de la fluidit\u00e9 l\u00e0 o\u00f9 c\u2019\u00e9tait contract\u00e9.<\/p>\n<p data-start=\"1103\" data-end=\"1164\">Chaque exp\u00e9rience est unique.<br data-start=\"1132\" data-end=\"1135\" \/>Chaque \u00e9coute est diff\u00e9rente.<\/p>\n<p data-start=\"1166\" data-end=\"1287\">Tu peux ressentir un profond apaisement\u2026<br data-start=\"1206\" data-end=\"1209\" \/>des lib\u00e9rations\u2026<br data-start=\"1225\" data-end=\"1228\" \/>ou simplement un retour \u00e0 une sensation de calme int\u00e9rieur.<\/p>\n<hr data-start=\"1289\" data-end=\"1292\" \/>\n<h3 data-section-id=\"vi55vv\" data-start=\"1294\" data-end=\"1310\">\u2727 Pour qui ?<\/h3>\n<p data-start=\"1312\" data-end=\"1463\">Pour toi si tu ressens le besoin de ralentir\u2026<br data-start=\"1357\" data-end=\"1360\" \/>de te recentrer\u2026<br data-start=\"1376\" data-end=\"1379\" \/>de rel\u00e2cher les tensions accumul\u00e9es\u2026<br data-start=\"1415\" data-end=\"1418\" \/>ou simplement de t\u2019offrir un moment pour toi.<\/p>\n<hr data-start=\"1465\" data-end=\"1468\" \/>\n<h3 data-section-id=\"1qjfzrl\" data-start=\"1470\" data-end=\"1496\">\u2727 Comment l\u2019utiliser ?<\/h3>\n<p data-start=\"1498\" data-end=\"1615\">Installe-toi confortablement, dans un endroit calme,<br data-start=\"1550\" data-end=\"1553\" \/>de pr\u00e9f\u00e9rence avec des \u00e9couteurs pour une meilleure immersion.<\/p>\n<p data-start=\"1617\" data-end=\"1710\">Tu peux l\u2019\u00e9couter \u00e0 tout moment de la journ\u00e9e,<br data-start=\"1663\" data-end=\"1666\" \/>d\u00e8s que tu ressens l\u2019appel de revenir \u00e0 toi.<\/p>\n<hr data-start=\"1712\" data-end=\"1715\" \/>\n<h3 data-section-id=\"kv60y6\" data-start=\"1717\" data-end=\"1728\">\u2727 Dur\u00e9e<\/h3>\n<p data-start=\"1730\" data-end=\"1777\">(environ \u2026 minutes \u2014 \u00e0 ajuster selon ton audio)<\/p>\n<hr data-start=\"1779\" data-end=\"1782\" \/>\n<p data-start=\"1784\" data-end=\"1856\">Cette relaxation est un espace\u2026<br data-start=\"1815\" data-end=\"1818\" \/>un passage\u2026<br data-start=\"1829\" data-end=\"1832\" \/>un retour \u00e0 l\u2019essentiel.<\/p>\n<p data-start=\"1858\" data-end=\"1864\">\u00c0 toi.<\/p>\n<hr data-start=\"1866\" data-end=\"1869\" \/>\n<p data-start=\"1871\" data-end=\"2001\">\u2728 <em data-start=\"1873\" data-end=\"2001\">Ce soin ne remplace pas un avis ou un traitement m\u00e9dical. Il vient en compl\u00e9ment, dans une approche globale de ton mieux-\u00eatre.<\/em><\/p>\n","protected":false},"excerpt":{"rendered":"<p>Il y a des moments o\u00f9 tout va trop vite\u2026o\u00f9 le mental s\u2019agite\u2026o\u00f9 le corps se tend\u2026o\u00f9 l\u2019on s\u2019\u00e9loigne, sans m\u00eame s\u2019en rendre compte, de cet espace int\u00e9rieur qui nous ressource profond\u00e9ment. Cette relaxation guid\u00e9e fr\u00e9quentielle est une invitation \u00e0 revenir\u2026\u00e0 revenir \u00e0 toi\u2026\u00e0 ton corps\u2026\u00e0 ton souffle\u2026\u00e0 ta pr\u00e9sence. \u00c0 travers ma voix, les&#8230;<\/p>\n","protected":false},"featured_media":1899,"comment_status":"closed","ping_status":"closed","template":"","meta":{"_kadence_starter_templates_imported_post":false,"_kad_post_transparent":"","_kad_post_title":"","_kad_post_layout":"","_kad_post_sidebar_id":"","_kad_post_content_style":"","_kad_post_vertical_padding":"","_kad_post_feature":"","_kad_post_feature_position":"","_kad_post_header":false,"_kad_post_footer":false,"_kad_post_classname":""},"product_brand":[],"product_cat":[55],"product_tag":[],"class_list":{"0":"post-1897","1":"product","2":"type-product","3":"status-publish","4":"has-post-thumbnail","6":"product_cat-relaxation-guidee-frequentielle","8":"first","9":"instock","10":"downloadable","11":"virtual","12":"purchasable","13":"product-type-simple","14":"entry","15":"content-bg","16":"loop-entry"},"jetpack_sharing_enabled":true,"_links":{"self":[{"href":"https:\/\/www.qi-gaia.be\/index.php?rest_route=\/wp\/v2\/product\/1897","targetHints":{"allow":["GET"]}}],"collection":[{"href":"https:\/\/www.qi-gaia.be\/index.php?rest_route=\/wp\/v2\/product"}],"about":[{"href":"https:\/\/www.qi-gaia.be\/index.php?rest_route=\/wp\/v2\/types\/product"}],"replies":[{"embeddable":true,"href":"https:\/\/www.qi-gaia.be\/index.php?rest_route=%2Fwp%2Fv2%2Fcomments&post=1897"}],"wp:featuredmedia":[{"embeddable":true,"href":"https:\/\/www.qi-gaia.be\/index.php?rest_route=\/wp\/v2\/media\/1899"}],"wp:attachment":[{"href":"https:\/\/www.qi-gaia.be\/index.php?rest_route=%2Fwp%2Fv2%2Fmedia&parent=1897"}],"wp:term":[{"taxonomy":"product_brand","embeddable":true,"href":"https:\/\/www.qi-gaia.be\/index.php?rest_route=%2Fwp%2Fv2%2Fproduct_brand&post=1897"},{"taxonomy":"product_cat","embeddable":true,"href":"https:\/\/www.qi-gaia.be\/index.php?rest_route=%2Fwp%2Fv2%2Fproduct_cat&post=1897"},{"taxonomy":"product_tag","embeddable":true,"href":"https:\/\/www.qi-gaia.be\/index.php?rest_route=%2Fwp%2Fv2%2Fproduct_tag&post=1897"}],"curies":[{"name":"wp","href":"https:\/\/api.w.org\/{rel}","templated":true}]}}