{"id":1876,"date":"2026-02-16T10:33:07","date_gmt":"2026-02-16T08:33:07","guid":{"rendered":"https:\/\/www.qi-gaia.be\/?post_type=product&#038;p=1876"},"modified":"2026-02-16T10:33:07","modified_gmt":"2026-02-16T08:33:07","slug":"portail-de-renaissance","status":"publish","type":"product","link":"https:\/\/www.qi-gaia.be\/?product=portail-de-renaissance","title":{"rendered":"Portail de Renaissance"},"content":{"rendered":"<p>Energie du 17 f\u00e9vrier<\/p>\n<p>Nouvelle Lune \u2022 \u00c9clipse solaire \u2022 Nouvel An chinois \u2014 Cheval de Feu<\/p>\n<p>Un moment rare s\u2019ouvre lorsque plusieurs cycles se rencontrent.<\/p>\n<p>La Nouvelle Lune invite \u00e0 revenir \u00e0 l\u2019essentiel et \u00e0 semer de nouvelles intentions depuis l\u2019espace du c\u0153ur.<\/p>\n<p>L\u2019\u00c9clipse solaire agit comme un r\u00e9alignement profond, une r\u00e9organisation subtile qui remet en mouvement les trajectoires int\u00e9rieures.<\/p>\n<p>Le Nouvel An chinois, port\u00e9 par l\u2019\u00e9nergie du Cheval de Feu, insuffle un \u00e9lan de vitalit\u00e9, de libert\u00e9 et d\u2019expansion.<\/p>\n<p>Ce soin vibratoire de 34 minutes et 34 secondes accompagne ce passage \u00e9nerg\u00e9tique comme une travers\u00e9e int\u00e9rieure.<\/p>\n<p>\u00c0 travers la voix vibratoire, le chant intuitif et le langage de l\u2019\u00e2me, tu es guid\u00e9e vers :<\/p>\n<p>\u2728 une lib\u00e9ration douce des m\u00e9moires anciennes<\/p>\n<p>\u2728 l\u2019ouverture d\u2019un espace int\u00e9rieur f\u00e9cond<\/p>\n<p>\u2728 l\u2019ancrage d\u2019un nouveau cycle align\u00e9<\/p>\n<p>\u2728 la reconnexion \u00e0 ton \u00e9lan de vie<\/p>\n<p>Un soin \u00e0 \u00e9couter lorsque tu ressens l\u2019appel d\u2019un renouveau, d\u2019un r\u00e9alignement ou d\u2019une nouvelle impulsion int\u00e9rieure.<\/p>\n<p>\ud83c\udfa7 Dur\u00e9e : 34min34<\/p>\n<p>Ce soin \u00e9nerg\u00e9tique accompagne le mieux-\u00eatre et ne remplace pas un suivi ou un traitement m\u00e9dical.<\/p>\n","protected":false},"excerpt":{"rendered":"<p>Energie du 17 f\u00e9vrier Nouvelle Lune \u2022 \u00c9clipse solaire \u2022 Nouvel An chinois \u2014 Cheval de Feu Un moment rare s\u2019ouvre lorsque plusieurs cycles se rencontrent. La Nouvelle Lune invite \u00e0 revenir \u00e0 l\u2019essentiel et \u00e0 semer de nouvelles intentions depuis l\u2019espace du c\u0153ur. L\u2019\u00c9clipse solaire agit comme un r\u00e9alignement profond, une r\u00e9organisation subtile qui&#8230;<\/p>\n","protected":false},"featured_media":1879,"comment_status":"closed","ping_status":"closed","template":"","meta":{"_kadence_starter_templates_imported_post":false,"_kad_post_transparent":"","_kad_post_title":"","_kad_post_layout":"","_kad_post_sidebar_id":"","_kad_post_content_style":"","_kad_post_vertical_padding":"","_kad_post_feature":"","_kad_post_feature_position":"","_kad_post_header":false,"_kad_post_footer":false,"_kad_post_classname":""},"product_brand":[],"product_cat":[48],"product_tag":[],"class_list":{"0":"post-1876","1":"product","2":"type-product","3":"status-publish","4":"has-post-thumbnail","6":"product_cat-audio","8":"first","9":"instock","10":"downloadable","11":"virtual","12":"purchasable","13":"product-type-simple","14":"entry","15":"content-bg","16":"loop-entry"},"jetpack_sharing_enabled":true,"_links":{"self":[{"href":"https:\/\/www.qi-gaia.be\/index.php?rest_route=\/wp\/v2\/product\/1876","targetHints":{"allow":["GET"]}}],"collection":[{"href":"https:\/\/www.qi-gaia.be\/index.php?rest_route=\/wp\/v2\/product"}],"about":[{"href":"https:\/\/www.qi-gaia.be\/index.php?rest_route=\/wp\/v2\/types\/product"}],"replies":[{"embeddable":true,"href":"https:\/\/www.qi-gaia.be\/index.php?rest_route=%2Fwp%2Fv2%2Fcomments&post=1876"}],"wp:featuredmedia":[{"embeddable":true,"href":"https:\/\/www.qi-gaia.be\/index.php?rest_route=\/wp\/v2\/media\/1879"}],"wp:attachment":[{"href":"https:\/\/www.qi-gaia.be\/index.php?rest_route=%2Fwp%2Fv2%2Fmedia&parent=1876"}],"wp:term":[{"taxonomy":"product_brand","embeddable":true,"href":"https:\/\/www.qi-gaia.be\/index.php?rest_route=%2Fwp%2Fv2%2Fproduct_brand&post=1876"},{"taxonomy":"product_cat","embeddable":true,"href":"https:\/\/www.qi-gaia.be\/index.php?rest_route=%2Fwp%2Fv2%2Fproduct_cat&post=1876"},{"taxonomy":"product_tag","embeddable":true,"href":"https:\/\/www.qi-gaia.be\/index.php?rest_route=%2Fwp%2Fv2%2Fproduct_tag&post=1876"}],"curies":[{"name":"wp","href":"https:\/\/api.w.org\/{rel}","templated":true}]}}