{"id":1733,"date":"2025-07-04T15:57:02","date_gmt":"2025-07-04T13:57:02","guid":{"rendered":"https:\/\/www.qi-gaia.be\/?post_type=product&#038;p=1733"},"modified":"2025-08-22T00:15:02","modified_gmt":"2025-08-21T22:15:02","slug":"carnet-vibratoire-de-lete","status":"publish","type":"product","link":"https:\/\/www.qi-gaia.be\/?product=carnet-vibratoire-de-lete","title":{"rendered":"Carnet Vibratoire de l&rsquo;\u00e9t\u00e9"},"content":{"rendered":"","protected":false},"excerpt":{"rendered":"<h3 data-start=\"267\" data-end=\"303\">\u2727 Carnet Vibratoire de l\u2019\u00c9t\u00e9 \u2727<\/h3>\n<p data-start=\"304\" data-end=\"361\"><strong data-start=\"304\" data-end=\"361\">Et si l\u2019\u00e9t\u00e9 devenait ton plus beau voyage int\u00e9rieur ?<\/strong><\/p>\n<p data-start=\"363\" data-end=\"592\">Prends le temps de ralentir. De respirer. D\u2019\u00e9couter ce qui vit en toi.<br data-start=\"433\" data-end=\"436\" \/>Ce carnet est une <strong data-start=\"454\" data-end=\"486\">invitation douce et profonde<\/strong> \u00e0 vivre ton \u00e9t\u00e9 autrement.<br data-start=\"513\" data-end=\"516\" \/>Un \u00e9t\u00e9 \u00e0 ton rythme, connect\u00e9 \u00e0 toi-m\u00eame, \u00e0 la nature, \u00e0 ton propre souffle.<\/p>\n<p data-start=\"594\" data-end=\"915\">\ud83c\udf1e <strong data-start=\"597\" data-end=\"624\">54 pages de reconnexion<\/strong> pour t\u2019accompagner tout au long de l\u2019\u00e9t\u00e9.<br data-start=\"666\" data-end=\"669\" \/>\ud83c\udf0a Des invitations \u00e0 l\u2019\u00e9criture, \u00e0 la pr\u00e9sence, \u00e0 la gratitude, \u00e0 la lib\u00e9ration,<br data-start=\"749\" data-end=\"752\" \/>\ud83c\udf3f Des connexions aux \u00e9l\u00e9ments, aux phases lunaires, \u00e0 ton espace int\u00e9rieur\u2026<br data-start=\"828\" data-end=\"831\" \/>\ud83c\udfa7 Et <strong data-start=\"837\" data-end=\"850\">10 audios<\/strong> vibratoires en lien pour t\u2019emmener plus loin dans l\u2019exploration.<\/p>\n<hr data-start=\"917\" data-end=\"920\" \/>\n<h3 data-start=\"922\" data-end=\"953\">\u2726 Ce que tu vas y trouver :<\/h3>\n<p data-start=\"955\" data-end=\"1294\">\u2728 Un espace sacr\u00e9 rien que pour toi, pour te d\u00e9poser et te nourrir int\u00e9rieurement.<br data-start=\"1037\" data-end=\"1040\" \/>\u2728 Des pages pour t\u2019ancrer, te lib\u00e9rer, accueillir tes \u00e9motions, et te relier \u00e0 ta clart\u00e9.<br data-start=\"1129\" data-end=\"1132\" \/>\u2728 Des pistes concr\u00e8tes pour faire le point, semer tes intentions, cultiver ta joie.<br data-start=\"1215\" data-end=\"1218\" \/>\u2728 Un carnet guid\u00e9 mais libre : tu avances \u00e0 ton rythme, au gr\u00e9 de ton \u00e9t\u00e9.<\/p>\n<hr data-start=\"1296\" data-end=\"1299\" \/>\n<h3 data-start=\"1301\" data-end=\"1329\">\u2727 Les 10 audios inclus \u2727<\/h3>\n<p data-start=\"1331\" data-end=\"1639\">\ud83d\udd0a <em data-start=\"1334\" data-end=\"1352\">Je reviens \u00e0 moi<\/em><br data-start=\"1352\" data-end=\"1355\" \/>\ud83d\udd0a <em data-start=\"1358\" data-end=\"1372\">Je me lib\u00e8re<\/em><br data-start=\"1372\" data-end=\"1375\" \/>\ud83d\udd0a <em data-start=\"1378\" data-end=\"1411\">Je laisse circuler mes \u00e9motions<\/em><br data-start=\"1411\" data-end=\"1414\" \/>\ud83d\udd0a <em data-start=\"1417\" data-end=\"1441\">Mon espace sacr\u00e9 d\u2019\u00e9t\u00e9<\/em><br data-start=\"1441\" data-end=\"1444\" \/>\ud83d\udd0a <em data-start=\"1447\" data-end=\"1470\">Je m\u2019ancre \u00e0 la Terre<\/em><br data-start=\"1470\" data-end=\"1473\" \/>\ud83d\udd0a <em data-start=\"1476\" data-end=\"1507\">J\u2019ouvre l\u2019espace de l\u2019accueil<\/em><br data-start=\"1507\" data-end=\"1510\" \/>\ud83d\udd0a <em data-start=\"1513\" data-end=\"1549\">Je me relie \u00e0 mon espace int\u00e9rieur<\/em><br data-start=\"1549\" data-end=\"1552\" \/>\ud83d\udd0a <em data-start=\"1555\" data-end=\"1586\">Je r\u00e9veille mon feu int\u00e9rieur<\/em><br data-start=\"1586\" data-end=\"1589\" \/>\ud83d\udd0a <em data-start=\"1592\" data-end=\"1614\">Je respire la clart\u00e9<\/em><br data-start=\"1614\" data-end=\"1617\" \/>\ud83d\udd0a <em data-start=\"1620\" data-end=\"1639\">Merci. J\u2019int\u00e8gre.<\/em><\/p>\n<p data-start=\"1641\" data-end=\"1823\">Des audios vibratoires pour t\u2019accompagner dans ton quotidien, t\u2019enraciner, t\u2019apaiser, t\u2019\u00e9clairer\u2026<br data-start=\"1738\" data-end=\"1741\" \/>Tous sont \u00e0 \u00e9couter \u00e0 volont\u00e9, quand tu en ressens le besoin, avec ou sans carnet.<\/p>\n<hr data-start=\"1956\" data-end=\"1959\" \/>\n<h3 data-start=\"1961\" data-end=\"1993\">\u2727 Pour qui est ce carnet ?<\/h3>\n<p data-start=\"1994\" data-end=\"2218\">Pour toute personne qui ressent le besoin de ralentir, de se reconnecter \u00e0 soi,<br data-start=\"2073\" data-end=\"2076\" \/>de vivre un \u00e9t\u00e9 plus conscient, plus doux, plus nourrissant.<br data-start=\"2136\" data-end=\"2139\" \/>Aucune connaissance spirituelle requise : juste l\u2019envie de prendre soin de toi.<\/p>\n<hr data-start=\"2220\" data-end=\"2223\" \/>\n<h3 data-start=\"2225\" data-end=\"2245\">\u2726 Format &amp; Acc\u00e8s<\/h3>\n<p data-start=\"2247\" data-end=\"2386\">\ud83d\udce9 Format PDF (54 pages \u00e0 imprimer ou utiliser en version num\u00e9rique)<br data-start=\"2315\" data-end=\"2318\" \/>\ud83c\udfa7 Audios \u00e0 \u00e9couter directement via les liens fournis dans le carnet<\/p>\n<div class=\"flex basis-auto flex-col -mb-(--composer-overlap-px) [--composer-overlap-px:55px] grow overflow-hidden\">\n<div class=\"relative h-full\">\n<div class=\"flex h-full flex-col overflow-y-auto [scrollbar-gutter:stable_both-edges] @[84rem]\/thread:pt-(--header-height)\">\n<div class=\"@thread-xl\/thread:pt-header-height flex flex-col text-sm pb-25\">\n<article class=\"text-token-text-primary w-full\" dir=\"auto\" data-testid=\"conversation-turn-144\" data-scroll-anchor=\"true\">\n<div class=\"text-base my-auto mx-auto py-5 [--thread-content-margin:--spacing(4)] @[37rem]:[--thread-content-margin:--spacing(6)] @[72rem]:[--thread-content-margin:--spacing(16)] px-(--thread-content-margin)\">\n<div class=\"[--thread-content-max-width:32rem] @[34rem]:[--thread-content-max-width:40rem] @[64rem]:[--thread-content-max-width:48rem] mx-auto flex max-w-(--thread-content-max-width) flex-1 text-base gap-4 md:gap-5 lg:gap-6 group\/turn-messages focus-visible:outline-hidden\" tabindex=\"-1\">\n<div class=\"group\/conversation-turn relative flex w-full min-w-0 flex-col agent-turn\">\n<div class=\"relative flex-col gap-1 md:gap-3\">\n<div class=\"flex max-w-full flex-col grow\">\n<div class=\"min-h-8 text-message relative flex w-full flex-col items-end gap-2 text-start break-words whitespace-normal [.text-message+&amp;]:mt-5\" dir=\"auto\" data-message-author-role=\"assistant\" data-message-id=\"e7ec995d-3d96-4cc1-8d5a-b1a8c79032a4\" data-message-model-slug=\"gpt-4o\">\n<div class=\"flex w-full flex-col gap-1 empty:hidden first:pt-[3px]\">\n<div class=\"markdown prose dark:prose-invert w-full break-words light\">\n<blockquote data-start=\"381\" data-end=\"526\">\n<p data-start=\"383\" data-end=\"526\">\u2727 Ce carnet est un outil de mieux-\u00eatre et de reconnexion \u00e0 soi. Il ne remplace en aucun cas un suivi m\u00e9dical ou psychologique . \u2727<\/p>\n<\/blockquote>\n<\/div>\n<\/div>\n<\/div>\n<\/div>\n<\/div>\n<\/div>\n<\/div>\n<\/div>\n<\/article>\n<\/div>\n<\/div>\n<\/div>\n<\/div>\n","protected":false},"featured_media":1732,"comment_status":"closed","ping_status":"closed","template":"","meta":{"_kadence_starter_templates_imported_post":false,"_kad_post_transparent":"","_kad_post_title":"","_kad_post_layout":"","_kad_post_sidebar_id":"","_kad_post_content_style":"","_kad_post_vertical_padding":"","_kad_post_feature":"","_kad_post_feature_position":"","_kad_post_header":false,"_kad_post_footer":false,"_kad_post_classname":""},"product_brand":[],"product_cat":[54],"product_tag":[],"class_list":{"0":"post-1733","1":"product","2":"type-product","3":"status-publish","4":"has-post-thumbnail","6":"product_cat-carnet-vibratoire","8":"first","9":"instock","10":"downloadable","11":"virtual","12":"purchasable","13":"product-type-simple","14":"entry","15":"content-bg","16":"loop-entry"},"jetpack_sharing_enabled":true,"_links":{"self":[{"href":"https:\/\/www.qi-gaia.be\/index.php?rest_route=\/wp\/v2\/product\/1733","targetHints":{"allow":["GET"]}}],"collection":[{"href":"https:\/\/www.qi-gaia.be\/index.php?rest_route=\/wp\/v2\/product"}],"about":[{"href":"https:\/\/www.qi-gaia.be\/index.php?rest_route=\/wp\/v2\/types\/product"}],"replies":[{"embeddable":true,"href":"https:\/\/www.qi-gaia.be\/index.php?rest_route=%2Fwp%2Fv2%2Fcomments&post=1733"}],"wp:featuredmedia":[{"embeddable":true,"href":"https:\/\/www.qi-gaia.be\/index.php?rest_route=\/wp\/v2\/media\/1732"}],"wp:attachment":[{"href":"https:\/\/www.qi-gaia.be\/index.php?rest_route=%2Fwp%2Fv2%2Fmedia&parent=1733"}],"wp:term":[{"taxonomy":"product_brand","embeddable":true,"href":"https:\/\/www.qi-gaia.be\/index.php?rest_route=%2Fwp%2Fv2%2Fproduct_brand&post=1733"},{"taxonomy":"product_cat","embeddable":true,"href":"https:\/\/www.qi-gaia.be\/index.php?rest_route=%2Fwp%2Fv2%2Fproduct_cat&post=1733"},{"taxonomy":"product_tag","embeddable":true,"href":"https:\/\/www.qi-gaia.be\/index.php?rest_route=%2Fwp%2Fv2%2Fproduct_tag&post=1733"}],"curies":[{"name":"wp","href":"https:\/\/api.w.org\/{rel}","templated":true}]}}