{"id":1687,"date":"2025-06-06T16:50:53","date_gmt":"2025-06-06T14:50:53","guid":{"rendered":"https:\/\/www.qi-gaia.be\/?post_type=product&#038;p=1687"},"modified":"2026-01-03T11:37:31","modified_gmt":"2026-01-03T09:37:31","slug":"soin-quantique-de-liberation-du-feminin-racine-et-sacre","status":"publish","type":"product","link":"https:\/\/www.qi-gaia.be\/?product=soin-quantique-de-liberation-du-feminin-racine-et-sacre","title":{"rendered":"Soin Quantique de lib\u00e9ration du F\u00e9minin Racine et Sacr\u00e9"},"content":{"rendered":"<p><em><strong>R\u00e9parer les blessures du pass\u00e9. Rena\u00eetre \u00e0 sa puissance. Honorer son temple.<\/strong><\/em><\/p>\n<p>Ce soin audio vibratoire s\u2019adresse aux femmes qui portent en elles des traces, visibles ou invisibles, d\u2019abus, de honte ou de coupure avec leur corps. Il a \u00e9t\u00e9 cr\u00e9\u00e9 comme un espace sacr\u00e9, un cocon de r\u00e9paration, de douceur et de puissance.<\/p>\n<p>Un espace pour <em><strong>se reconnecter \u00e0 la Terre, \u00e0 son corps, \u00e0 son sexe, \u00e0 son c\u0153ur\u2026 et \u00e0 sa lumi\u00e8re.<\/strong><\/em><\/p>\n<p><strong>\u2727 Un soin pour\u2026<\/strong><\/p>\n<p>\u2022 Lib\u00e9rer les m\u00e9moires sexuelles anciennes, personnelles, transg\u00e9n\u00e9rationnelles ou collectives<\/p>\n<p>\u2022 Se r\u00e9approprier son bassin, son plaisir, sa sensualit\u00e9, sa souverainet\u00e9<\/p>\n<p>\u2022 R\u00e9concilier l\u2019\u00e9nergie sexuelle avec l\u2019\u00e9nergie du c\u0153ur<\/p>\n<p>\u2022 R\u00e9int\u00e9grer son corps comme un temple sacr\u00e9 et vivant<\/p>\n<p>\u2022 Revenir \u00e0 soi\u2026 dans toute sa v\u00e9rit\u00e9<\/p>\n<p><strong> \u2727 Ce soin inclut\u2026 <\/strong><\/p>\n<p>\u2022 Une guidance audio de 23 minutes, \u00e0 vivre en position allong\u00e9e<\/p>\n<p>\u2022 Du chant intuitif, du langage de l\u2019\u00e2me, du souffle et des activations quantiques<\/p>\n<p>\u2022 L\u2019ancrage profond par le chakra racine<\/p>\n<p>\u2022 L\u2019ouverture et la r\u00e9conciliation par le chakra sacr\u00e9<\/p>\n<p>\u2022 La reconnexion \u00e0 l\u2019amour de soi au niveau du c\u0153ur<\/p>\n<p>Ce soin agit au-del\u00e0 des mots, au c\u0153ur des cellules. Il travaille en profondeur, mais toujours avec respect et d\u00e9licatesse.<\/p>\n<p><strong>\u2727 Informations pratiques<\/strong><\/p>\n<p>\u2022 Format : audio (MP3 t\u00e9l\u00e9chargeable)<\/p>\n<p>\u2022 Dur\u00e9e : 23 minutes<\/p>\n<p>\u2022 \u00c0 vivre autant de fois que n\u00e9cessaire<\/p>\n<p>\u2727 Une invitation\u2026<\/p>\n<p>Ce soin est une cl\u00e9 vibratoire, une porte de retour vers toi. Un pas vers plus de s\u00e9curit\u00e9, de vitalit\u00e9, de douceur, d\u2019amour. Un chemin de gu\u00e9rison, non par l\u2019effort\u2026 mais par la pr\u00e9sence.<\/p>\n<p><span class=\"html-span xexx8yu xyri2b x18d9i69 x1c1uobl x1hl2dhg x16tdsg8 x1vvkbs x3nfvp2 x1j61x8r x1fcty0u xdj266r xat24cr xm2jcoa x1mpyi22 xxymvpz xlup9mm x1kky2od\"><img loading=\"lazy\" decoding=\"async\" class=\"xz74otr x168nmei x13lgxp2 x5pf9jr xo71vjh\" src=\"https:\/\/static.xx.fbcdn.net\/images\/emoji.php\/v9\/t71\/1\/16\/1f339.png\" alt=\"\ud83c\udf39\" width=\"16\" height=\"16\" \/><\/span> Tu es la gardienne de ton temple. Tu es la femme-m\u00e9decine de ton histoire.<em><strong> Il est temps de reprendre ta place, dans ton corps, dans ta vie, dans ta lumi\u00e8re.<\/strong><\/em><\/p>\n<div>\n<div class=\"x78zum5 xdt5ytf\" data-virtualized=\"false\">\n<div class=\"x9f619 x1n2onr6 x1ja2u2z\">\n<div>\n<div>\n<div class=\"__fb-light-mode x1n2onr6\" role=\"row\">\n<div>\n<div class=\"x78zum5 xdt5ytf x1n2onr6\" tabindex=\"-1\" role=\"gridcell\" data-release-focus-from=\"CLICK\" data-scope=\"messages_table\">\n<div class=\"html-div xdj266r x14z9mp xat24cr x1lziwak xexx8yu xyri2b x18d9i69 x1c1uobl x78zum5 x15zctf7\">\n<div class=\"html-div xdj266r x14z9mp xat24cr x1lziwak xexx8yu xyri2b x18d9i69 x1c1uobl xeuugli x1vjfegm\">\n<div>\n<div class=\"html-div xdj266r x14z9mp xat24cr x1lziwak xexx8yu xyri2b x18d9i69 x1c1uobl x78zum5 xh8yej3\" role=\"presentation\">\n<div class=\"x78zum5 xdt5ytf x193iq5w x1n2onr6 x1kxipp6 xuk3077\">\n<div class=\"x78zum5 xh8yej3\" role=\"none\">\n<div class=\"html-div xdj266r x14z9mp xat24cr x1lziwak xexx8yu xyri2b x18d9i69 x1c1uobl x6ikm8r x10wlt62\">\n<div class=\"html-div xdj266r x14z9mp xat24cr x1lziwak x14ctfv x13sv91t x6ikm8r x10wlt62 xerhiuh x1pn3fxy x10zy8in xm9bcq3 x1n2onr6 x1vjfegm x1k4qllp x1mzt3pk x13faqbe x11jlvup xpmdkuv xrmkrer x12z03op x9wyiwl x13fuv20 x18b5jzi x1q0q8m5 x1t7ytsu x12lizq0 x1nrdd72 x1ybe9c6 xx487zo xp5s12f x11ucwad xgtuqic x155c047\" role=\"presentation\">\n<div class=\"html-div xexx8yu xyri2b x18d9i69 x1c1uobl x1gslohp x14z9mp x12nagc x1lziwak x1yc453h x126k92a xyk4ms5\" dir=\"auto\">\u2727 Les r\u00e9sultats peuvent varier d\u2019une personne \u00e0 l\u2019autre. Chaque soin agit en fonction de ton propre rythme, de ton ouverture et de ton chemin int\u00e9rieur.<\/div>\n<\/div>\n<\/div>\n<\/div>\n<\/div>\n<\/div>\n<div class=\"html-div xdj266r x14z9mp xat24cr x1lziwak xexx8yu xyri2b x18d9i69 x1c1uobl x1h91t0o xkh2ocl x78zum5 xdt5ytf x13a6bvl x193iq5w x1c4vz4f x1eb86dx\" role=\"presentation\">\n<div class=\"html-div xdj266r x14z9mp xat24cr x1lziwak xexx8yu xyri2b x18d9i69 x1c1uobl\"><\/div>\n<\/div>\n<\/div>\n<\/div>\n<div class=\"html-div xdj266r x14z9mp xat24cr x1lziwak xexx8yu x1c1uobl x1eb86dx x78zum5 x1c4vz4f x2lah0s x18061mc xfp3qos\">\n<div class=\"html-div xdj266r x14z9mp xat24cr x1lziwak xexx8yu xyri2b x18d9i69 x1c1uobl x78zum5 x15zctf7 xamitd3\">\n<div class=\"html-div xdj266r x14z9mp xat24cr x1lziwak xexx8yu x18d9i69 x1c1uobl x78zum5 xdt5ytf x1iyjqo2 x2lah0s xl56j7k x1n2onr6 x1mqs8db x1n327nk x1gabggj\" aria-hidden=\"true\">\n<div class=\"html-div xdj266r x14z9mp xat24cr x1lziwak xexx8yu xyri2b x18d9i69 x1c1uobl x6s0dn4 xl5lk40 x78zum5 x1mqs8db x15zctf7\" role=\"presentation\">\u2727\u00a0Ce soin ne remplace en aucun cas un avis ou un traitement m\u00e9dical. Il s&rsquo;agit d&rsquo;un accompagnement vibratoire et \u00e9nerg\u00e9tique, \u00e0 vis\u00e9e de mieux-\u00eatre, qui peut venir en compl\u00e9ment d\u2019un suivi th\u00e9rapeutique ou m\u00e9dical adapt\u00e9. En cas de doute, consulte toujours un professionnel de sant\u00e9.<\/div>\n<\/div>\n<\/div>\n<\/div>\n<div class=\"html-div xdj266r x14z9mp xat24cr x1lziwak xexx8yu xyri2b x18d9i69 x1c1uobl x1eb86dx x1r8uery x1iyjqo2\"><\/div>\n<\/div>\n<div class=\"html-div xdj266r x14z9mp xat24cr x1lziwak xexx8yu xyri2b x18d9i69 x1c1uobl x1eb86dx xh8yej3 x1f5funs\" role=\"presentation\"><\/div>\n<div class=\"html-div xdj266r x14z9mp xat24cr x1lziwak xexx8yu xyri2b x18d9i69 x1c1uobl x1eb86dx x78zum5 x13a6bvl\"><\/div>\n<\/div>\n<\/div>\n<div role=\"gridcell\">\n<div class=\"x1i10hfl x1qjc9v5 xjqpnuy xc5r6h4 xqeqjp1 x1phubyo x13fuv20 x18b5jzi x1q0q8m5 x1t7ytsu x972fbf x10w94by x1qhh985 x14e42zd x9f619 x1ypdohk xdl72j9 x2lah0s xe8uvvx xdj266r x14z9mp xat24cr x1lziwak x2lwn1j xeuugli x16tdsg8 x1hl2dhg xggy1nq x1t137rt x3nfvp2 x1q0g3np x87ps6o x1lku1pv x1a2a7pz __fb-dark-mode x1h0vfkc x1lq5wgf xgqcy7u x30kzoy x9jhf4c x152obne xlr8s2x xz9dl7a xpdmqnj xsag5q8 x1g0dm76 x1vjfegm x1qiirwl x105ttfm xzpqnlu x1hyvwdk xjm9jq1 x6ikm8r x10wlt62 x10l6tqk x1i1rx1s\" tabindex=\"-1\" role=\"button\" aria-label=\"D\u00e9tails et actions\">\n<div class=\"x1qjc9v5 x9f619 xdl72j9 x2lwn1j xeuugli x1n2onr6 x1ja2u2z x78zum5 xdt5ytf xs83m0k xz62fqu x16ldp7u\">\n<div class=\"x1qjc9v5 x9f619 x78zum5 xdl72j9 xdt5ytf x2lah0s x2lwn1j xeuugli x1n2onr6 x1ja2u2z xu06os2 x1ok221b\"><\/div>\n<\/div>\n<div class=\"x1ey2m1c xds687c x17qophe xg01cxk x47corl x10l6tqk x13vifvy x1ebt8du x19991ni x1dhq9h x1o1ewxj x3x9cwd x1e5q0jg x13rtm0m\" role=\"none\" data-visualcompletion=\"ignore\"><\/div>\n<\/div>\n<\/div>\n<\/div>\n<\/div>\n<\/div>\n<\/div>\n<\/div>\n<\/div>\n<div>\n<div class=\"x78zum5 xdt5ytf\" data-virtualized=\"false\">\n<div class=\"x9f619 x1n2onr6 x1ja2u2z\">\n<div>\n<div>\n<div class=\"__fb-light-mode x1n2onr6\" role=\"row\">\n<div>\n<div class=\"x78zum5 xdt5ytf x1n2onr6\" tabindex=\"0\" role=\"gridcell\" data-release-focus-from=\"CLICK\" data-scope=\"messages_table\">\n<div class=\"html-div xdj266r x14z9mp xat24cr x1lziwak xexx8yu xyri2b x18d9i69 x1c1uobl x1h91t0o xkh2ocl x78zum5 xdt5ytf x13a6bvl x193iq5w x1iyjqo2 x1eb86dx\" role=\"presentation\">\n<div class=\"x9f619 x1ja2u2z x78zum5 x2lah0s x1n2onr6 x1qughib x1qjc9v5 xozqiw3 x15zctf7\">\n<div class=\"x9f619 x1n2onr6 x1ja2u2z x78zum5 xdt5ytf x2lah0s x193iq5w xeuugli\"><\/div>\n<\/div>\n<\/div>\n<div class=\"html-div xdj266r x14z9mp xat24cr x1lziwak xexx8yu xyri2b x18d9i69 x1c1uobl x78zum5 x15zctf7\">\n<div class=\"html-div xdj266r x14z9mp xat24cr x1lziwak xexx8yu xyri2b x18d9i69 x1c1uobl xeuugli x1vjfegm\">\n<div>\n<div class=\"html-div xdj266r x14z9mp xat24cr x1lziwak xexx8yu xyri2b x18d9i69 x1c1uobl x78zum5 xh8yej3\" role=\"presentation\">\n<div class=\"x78zum5 xdt5ytf x193iq5w x1n2onr6 x1kxipp6 xuk3077\">\n<div class=\"x78zum5 xh8yej3\" role=\"none\">\n<div class=\"html-div xdj266r x14z9mp xat24cr x1lziwak xexx8yu xyri2b x18d9i69 x1c1uobl x6ikm8r x10wlt62\">\n<div class=\"html-div xdj266r x14z9mp xat24cr x1lziwak x14ctfv x13sv91t x6ikm8r x10wlt62 xerhiuh x1pn3fxy x10zy8in xm9bcq3 x1n2onr6 x1vjfegm x1k4qllp x1mzt3pk x13faqbe x11jlvup xpmdkuv xrmkrer x12z03op x9wyiwl x13fuv20 x18b5jzi x1q0q8m5 x1t7ytsu x12lizq0 x1nrdd72 x1ybe9c6 xx487zo xp5s12f x11ucwad xgtuqic x155c047\" role=\"presentation\">\n<div class=\"html-div xexx8yu xyri2b x18d9i69 x1c1uobl x1gslohp x14z9mp x12nagc x1lziwak x1yc453h x126k92a xyk4ms5\" dir=\"auto\"><\/div>\n<\/div>\n<\/div>\n<\/div>\n<\/div>\n<\/div>\n<\/div>\n<\/div>\n<\/div>\n<\/div>\n<\/div>\n<\/div>\n<\/div>\n<\/div>\n<\/div>\n<\/div>\n<\/div>\n","protected":false},"excerpt":{"rendered":"<p>R\u00e9parer les blessures du pass\u00e9. Rena\u00eetre \u00e0 sa puissance. Honorer son temple. Ce soin audio vibratoire s\u2019adresse aux femmes qui portent en elles des traces, visibles ou invisibles, d\u2019abus, de honte ou de coupure avec leur corps. Il a \u00e9t\u00e9 cr\u00e9\u00e9 comme un espace sacr\u00e9, un cocon de r\u00e9paration, de douceur et de puissance. Un&#8230;<\/p>\n","protected":false},"featured_media":1690,"comment_status":"closed","ping_status":"closed","template":"","meta":{"_kadence_starter_templates_imported_post":false,"_kad_post_transparent":"","_kad_post_title":"","_kad_post_layout":"","_kad_post_sidebar_id":"","_kad_post_content_style":"","_kad_post_vertical_padding":"","_kad_post_feature":"","_kad_post_feature_position":"","_kad_post_header":false,"_kad_post_footer":false,"_kad_post_classname":""},"product_brand":[],"product_cat":[48],"product_tag":[],"class_list":{"0":"post-1687","1":"product","2":"type-product","3":"status-publish","4":"has-post-thumbnail","6":"product_cat-audio","8":"first","9":"instock","10":"downloadable","11":"virtual","12":"purchasable","13":"product-type-simple","14":"entry","15":"content-bg","16":"loop-entry"},"jetpack_sharing_enabled":true,"_links":{"self":[{"href":"https:\/\/www.qi-gaia.be\/index.php?rest_route=\/wp\/v2\/product\/1687","targetHints":{"allow":["GET"]}}],"collection":[{"href":"https:\/\/www.qi-gaia.be\/index.php?rest_route=\/wp\/v2\/product"}],"about":[{"href":"https:\/\/www.qi-gaia.be\/index.php?rest_route=\/wp\/v2\/types\/product"}],"replies":[{"embeddable":true,"href":"https:\/\/www.qi-gaia.be\/index.php?rest_route=%2Fwp%2Fv2%2Fcomments&post=1687"}],"wp:featuredmedia":[{"embeddable":true,"href":"https:\/\/www.qi-gaia.be\/index.php?rest_route=\/wp\/v2\/media\/1690"}],"wp:attachment":[{"href":"https:\/\/www.qi-gaia.be\/index.php?rest_route=%2Fwp%2Fv2%2Fmedia&parent=1687"}],"wp:term":[{"taxonomy":"product_brand","embeddable":true,"href":"https:\/\/www.qi-gaia.be\/index.php?rest_route=%2Fwp%2Fv2%2Fproduct_brand&post=1687"},{"taxonomy":"product_cat","embeddable":true,"href":"https:\/\/www.qi-gaia.be\/index.php?rest_route=%2Fwp%2Fv2%2Fproduct_cat&post=1687"},{"taxonomy":"product_tag","embeddable":true,"href":"https:\/\/www.qi-gaia.be\/index.php?rest_route=%2Fwp%2Fv2%2Fproduct_tag&post=1687"}],"curies":[{"name":"wp","href":"https:\/\/api.w.org\/{rel}","templated":true}]}}