{"id":1331,"date":"2024-02-14T17:21:16","date_gmt":"2024-02-14T15:21:16","guid":{"rendered":"https:\/\/www.qi-gaia.be\/?post_type=product&#038;p=1331"},"modified":"2024-05-06T11:48:23","modified_gmt":"2024-05-06T09:48:23","slug":"1331","status":"publish","type":"product","link":"https:\/\/www.qi-gaia.be\/?product=1331","title":{"rendered":"Audio-soin  Amour de soi"},"content":{"rendered":"","protected":false},"excerpt":{"rendered":"<p>Plongez au c\u0153ur de votre \u00eatre avec ce nouvel audio-soin \u00e9nerg\u00e9tique, une invitation \u00e0 c\u00e9l\u00e9brer et renforcer l&rsquo;amour de soi.Cr\u00e9\u00e9 en canalisation avec l&rsquo;\u00e9gr\u00e9gore d&rsquo;amour de la Saint-Valentin et con\u00e7u avec une profonde bienveillance, cet enregistrement est un baume pour l&rsquo;\u00e2me, guidant doucement vers une r\u00e9conciliation int\u00e9rieure. Il vous accompagne sur le chemin de l&rsquo;acceptation de soi, vous aidant \u00e0 dissoudre les barri\u00e8res et \u00e0 lib\u00e9rer les fardeaux qui entravent l&rsquo;amour de soi. Embrassez cette occasion de vous connecter \u00e0 votre essence v\u00e9ritable, o\u00f9 r\u00e9side un amour inconditionnel pour soi, pour gu\u00e9rir les plaies et all\u00e9ger votre esprit. Permettez \u00e0 cette exp\u00e9rience de r\u00e9veiller la partie la plus aimante de votre \u00eatre, vous enveloppant dans une douce \u00e9nergie de gu\u00e9rison et d&rsquo;amour universel.<\/p>\n","protected":false},"featured_media":1332,"comment_status":"closed","ping_status":"closed","template":"","meta":{"_kadence_starter_templates_imported_post":false,"_kad_post_transparent":"","_kad_post_title":"","_kad_post_layout":"","_kad_post_sidebar_id":"","_kad_post_content_style":"","_kad_post_vertical_padding":"","_kad_post_feature":"","_kad_post_feature_position":"","_kad_post_header":false,"_kad_post_footer":false,"_kad_post_classname":""},"product_brand":[],"product_cat":[48],"product_tag":[],"class_list":{"0":"post-1331","1":"product","2":"type-product","3":"status-publish","4":"has-post-thumbnail","6":"product_cat-audio","8":"first","9":"instock","10":"featured","11":"downloadable","12":"virtual","13":"purchasable","14":"product-type-simple","15":"entry","16":"content-bg","17":"loop-entry"},"jetpack_sharing_enabled":true,"_links":{"self":[{"href":"https:\/\/www.qi-gaia.be\/index.php?rest_route=\/wp\/v2\/product\/1331","targetHints":{"allow":["GET"]}}],"collection":[{"href":"https:\/\/www.qi-gaia.be\/index.php?rest_route=\/wp\/v2\/product"}],"about":[{"href":"https:\/\/www.qi-gaia.be\/index.php?rest_route=\/wp\/v2\/types\/product"}],"replies":[{"embeddable":true,"href":"https:\/\/www.qi-gaia.be\/index.php?rest_route=%2Fwp%2Fv2%2Fcomments&post=1331"}],"wp:featuredmedia":[{"embeddable":true,"href":"https:\/\/www.qi-gaia.be\/index.php?rest_route=\/wp\/v2\/media\/1332"}],"wp:attachment":[{"href":"https:\/\/www.qi-gaia.be\/index.php?rest_route=%2Fwp%2Fv2%2Fmedia&parent=1331"}],"wp:term":[{"taxonomy":"product_brand","embeddable":true,"href":"https:\/\/www.qi-gaia.be\/index.php?rest_route=%2Fwp%2Fv2%2Fproduct_brand&post=1331"},{"taxonomy":"product_cat","embeddable":true,"href":"https:\/\/www.qi-gaia.be\/index.php?rest_route=%2Fwp%2Fv2%2Fproduct_cat&post=1331"},{"taxonomy":"product_tag","embeddable":true,"href":"https:\/\/www.qi-gaia.be\/index.php?rest_route=%2Fwp%2Fv2%2Fproduct_tag&post=1331"}],"curies":[{"name":"wp","href":"https:\/\/api.w.org\/{rel}","templated":true}]}}