{"id":1293,"date":"2023-10-30T13:07:50","date_gmt":"2023-10-30T11:07:50","guid":{"rendered":"https:\/\/www.qi-gaia.be\/?post_type=product&#038;p=1293"},"modified":"2024-05-06T11:48:22","modified_gmt":"2024-05-06T09:48:22","slug":"1293","status":"publish","type":"product","link":"https:\/\/www.qi-gaia.be\/?product=1293","title":{"rendered":"Audio-soin chamanique de nettoyage avec les \u00e9nergies de passage automne-hiver"},"content":{"rendered":"","protected":false},"excerpt":{"rendered":"<blockquote><p>Plongez dans cet audio-soin \u00e9nerg\u00e9tique chamanique au Tambour, une exp\u00e9rience sonore transcendantale canalis\u00e9e avec les \u00e9nergies du passage de l&rsquo;automne \u00e0 l&rsquo;hiver. Con\u00e7u pour \u00e9veiller votre esprit, apaiser votre \u00e2me et r\u00e9aligner vos \u00e9nergies, cet audio-soin vous guide \u00e0 travers un voyage sonore chamanique tambour et voix profond\u00e9ment connect\u00e9 aux cycles naturels.<\/p>\n<p>Les battements envo\u00fbtants du tambour chamanique r\u00e9sonnent en harmonie avec les \u00e9nergies de la saison, facilitant ainsi votre transition int\u00e9rieure du mouvement vers la qui\u00e9tude, de la croissance vers la r\u00e9flexion. Ce soin \u00e9nerg\u00e9tique unique lib\u00e8re les blocages \u00e9motionnels, nettoie votre champ \u00e9nerg\u00e9tique et vous aide \u00e0 accueillir le renouveau avec s\u00e9r\u00e9nit\u00e9.<\/p>\n<p>Que vous cherchiez \u00e0 trouver la paix int\u00e9rieure, \u00e0 renforcer votre connexion spirituelle, \u00e0 vous lib\u00e9rer du trop plein ou \u00e0 simplement vous d\u00e9tendre profond\u00e9ment, cet audio-soin \u00e9nerg\u00e9tique est fait pour vous.<\/p>\n<p>Cr\u00e9\u00e9 avec coeur,<\/p>\n<p>V\u00e9ronique<\/p><\/blockquote>\n","protected":false},"featured_media":1295,"comment_status":"closed","ping_status":"closed","template":"","meta":{"_kadence_starter_templates_imported_post":false,"_kad_post_transparent":"","_kad_post_title":"","_kad_post_layout":"","_kad_post_sidebar_id":"","_kad_post_content_style":"","_kad_post_vertical_padding":"","_kad_post_feature":"","_kad_post_feature_position":"","_kad_post_header":false,"_kad_post_footer":false,"_kad_post_classname":""},"product_brand":[],"product_cat":[48],"product_tag":[],"class_list":{"0":"post-1293","1":"product","2":"type-product","3":"status-publish","4":"has-post-thumbnail","6":"product_cat-audio","8":"first","9":"instock","10":"downloadable","11":"virtual","12":"purchasable","13":"product-type-simple","14":"entry","15":"content-bg","16":"loop-entry"},"jetpack_sharing_enabled":true,"_links":{"self":[{"href":"https:\/\/www.qi-gaia.be\/index.php?rest_route=\/wp\/v2\/product\/1293","targetHints":{"allow":["GET"]}}],"collection":[{"href":"https:\/\/www.qi-gaia.be\/index.php?rest_route=\/wp\/v2\/product"}],"about":[{"href":"https:\/\/www.qi-gaia.be\/index.php?rest_route=\/wp\/v2\/types\/product"}],"replies":[{"embeddable":true,"href":"https:\/\/www.qi-gaia.be\/index.php?rest_route=%2Fwp%2Fv2%2Fcomments&post=1293"}],"wp:featuredmedia":[{"embeddable":true,"href":"https:\/\/www.qi-gaia.be\/index.php?rest_route=\/wp\/v2\/media\/1295"}],"wp:attachment":[{"href":"https:\/\/www.qi-gaia.be\/index.php?rest_route=%2Fwp%2Fv2%2Fmedia&parent=1293"}],"wp:term":[{"taxonomy":"product_brand","embeddable":true,"href":"https:\/\/www.qi-gaia.be\/index.php?rest_route=%2Fwp%2Fv2%2Fproduct_brand&post=1293"},{"taxonomy":"product_cat","embeddable":true,"href":"https:\/\/www.qi-gaia.be\/index.php?rest_route=%2Fwp%2Fv2%2Fproduct_cat&post=1293"},{"taxonomy":"product_tag","embeddable":true,"href":"https:\/\/www.qi-gaia.be\/index.php?rest_route=%2Fwp%2Fv2%2Fproduct_tag&post=1293"}],"curies":[{"name":"wp","href":"https:\/\/api.w.org\/{rel}","templated":true}]}}