{"id":1281,"date":"2023-10-26T19:09:21","date_gmt":"2023-10-26T17:09:21","guid":{"rendered":"https:\/\/www.qi-gaia.be\/?post_type=product&#038;p=1281"},"modified":"2026-01-03T11:36:38","modified_gmt":"2026-01-03T09:36:38","slug":"audio-soin-energetique-de-liberation-et-nettoyage","status":"publish","type":"product","link":"https:\/\/www.qi-gaia.be\/?product=audio-soin-energetique-de-liberation-et-nettoyage","title":{"rendered":"Audio-soin \u00e9nerg\u00e9tique de lib\u00e9ration et nettoyage"},"content":{"rendered":"","protected":false},"excerpt":{"rendered":"","protected":false},"featured_media":1283,"comment_status":"closed","ping_status":"closed","template":"","meta":{"_kadence_starter_templates_imported_post":false,"_kad_post_transparent":"","_kad_post_title":"","_kad_post_layout":"","_kad_post_sidebar_id":"","_kad_post_content_style":"","_kad_post_vertical_padding":"","_kad_post_feature":"","_kad_post_feature_position":"","_kad_post_header":false,"_kad_post_footer":false,"_kad_post_classname":""},"product_brand":[],"product_cat":[48],"product_tag":[],"class_list":{"0":"post-1281","1":"product","2":"type-product","3":"status-publish","4":"has-post-thumbnail","6":"product_cat-audio","8":"first","9":"instock","10":"downloadable","11":"virtual","12":"purchasable","13":"product-type-simple","14":"entry","15":"content-bg","16":"loop-entry"},"jetpack_sharing_enabled":true,"_links":{"self":[{"href":"https:\/\/www.qi-gaia.be\/index.php?rest_route=\/wp\/v2\/product\/1281","targetHints":{"allow":["GET"]}}],"collection":[{"href":"https:\/\/www.qi-gaia.be\/index.php?rest_route=\/wp\/v2\/product"}],"about":[{"href":"https:\/\/www.qi-gaia.be\/index.php?rest_route=\/wp\/v2\/types\/product"}],"replies":[{"embeddable":true,"href":"https:\/\/www.qi-gaia.be\/index.php?rest_route=%2Fwp%2Fv2%2Fcomments&post=1281"}],"wp:featuredmedia":[{"embeddable":true,"href":"https:\/\/www.qi-gaia.be\/index.php?rest_route=\/wp\/v2\/media\/1283"}],"wp:attachment":[{"href":"https:\/\/www.qi-gaia.be\/index.php?rest_route=%2Fwp%2Fv2%2Fmedia&parent=1281"}],"wp:term":[{"taxonomy":"product_brand","embeddable":true,"href":"https:\/\/www.qi-gaia.be\/index.php?rest_route=%2Fwp%2Fv2%2Fproduct_brand&post=1281"},{"taxonomy":"product_cat","embeddable":true,"href":"https:\/\/www.qi-gaia.be\/index.php?rest_route=%2Fwp%2Fv2%2Fproduct_cat&post=1281"},{"taxonomy":"product_tag","embeddable":true,"href":"https:\/\/www.qi-gaia.be\/index.php?rest_route=%2Fwp%2Fv2%2Fproduct_tag&post=1281"}],"curies":[{"name":"wp","href":"https:\/\/api.w.org\/{rel}","templated":true}]}}