{"id":1267,"date":"2023-10-12T21:27:05","date_gmt":"2023-10-12T19:27:05","guid":{"rendered":"https:\/\/www.qi-gaia.be\/?post_type=product&#038;p=1267"},"modified":"2024-02-24T19:29:49","modified_gmt":"2024-02-24T17:29:49","slug":"commander-un-bijou-connecte","status":"publish","type":"product","link":"https:\/\/www.qi-gaia.be\/?product=commander-un-bijou-connecte","title":{"rendered":"Votre bracelet Qi-Ga\u00efa personnalis\u00e9"},"content":{"rendered":"<blockquote><p>D\u00e9couvrez le bracelet \u00e9nerg\u00e9tique personnalis\u00e9, un bijou cr\u00e9\u00e9 avec amour sp\u00e9cialement pour vous ou vos proches, en totale connexion avec vos \u00e9nergies.<\/p><\/blockquote>\n<p>Ce bracelet en pierres naturelles offre une exp\u00e9rience unique de soin \u00e9nerg\u00e9tique au poignet, ajust\u00e9 \u00e0 votre essence et \u00e0 vos besoins profonds.<\/p>\n<p>En plus de ce bijou, vous recevrez un message canalis\u00e9 sur mesure, porteur de ce que vous avez besoin d&rsquo;entendre ici et maintenant.<\/p>\n<p>Ce bracelet est bien plus qu&rsquo;un accessoire, il vous invite \u00e0 prendre soin de votre \u00eatre int\u00e9rieur, \u00e0 embrasser votre essence.<\/p>\n<p>Cr\u00e9\u00e9 avec \u2764\ufe0f,<\/p>\n<p>V\u00e9ronique<\/p>\n","protected":false},"excerpt":{"rendered":"<p>D\u00e9couvrez le bracelet \u00e9nerg\u00e9tique personnalis\u00e9, un bijou cr\u00e9\u00e9 avec amour sp\u00e9cialement pour vous ou vos proches, en totale connexion avec vos \u00e9nergies. Ce bracelet en pierres naturelles offre une exp\u00e9rience unique de soin \u00e9nerg\u00e9tique au poignet, ajust\u00e9 \u00e0 votre essence et \u00e0 vos besoins profonds. En plus de ce bijou, vous recevrez un message canalis\u00e9&#8230;<\/p>\n","protected":false},"featured_media":1108,"comment_status":"closed","ping_status":"closed","template":"","meta":{"_kadence_starter_templates_imported_post":false,"_kad_post_transparent":"","_kad_post_title":"","_kad_post_layout":"","_kad_post_sidebar_id":"","_kad_post_content_style":"","_kad_post_vertical_padding":"","_kad_post_feature":"","_kad_post_feature_position":"","_kad_post_header":false,"_kad_post_footer":false,"_kad_post_classname":""},"product_brand":[],"product_cat":[50],"product_tag":[],"class_list":{"0":"post-1267","1":"product","2":"type-product","3":"status-publish","4":"has-post-thumbnail","6":"product_cat-bijou","8":"first","9":"instock","10":"featured","11":"virtual","12":"purchasable","13":"product-type-simple","14":"entry","15":"content-bg","16":"loop-entry"},"jetpack_sharing_enabled":true,"_links":{"self":[{"href":"https:\/\/www.qi-gaia.be\/index.php?rest_route=\/wp\/v2\/product\/1267","targetHints":{"allow":["GET"]}}],"collection":[{"href":"https:\/\/www.qi-gaia.be\/index.php?rest_route=\/wp\/v2\/product"}],"about":[{"href":"https:\/\/www.qi-gaia.be\/index.php?rest_route=\/wp\/v2\/types\/product"}],"replies":[{"embeddable":true,"href":"https:\/\/www.qi-gaia.be\/index.php?rest_route=%2Fwp%2Fv2%2Fcomments&post=1267"}],"wp:featuredmedia":[{"embeddable":true,"href":"https:\/\/www.qi-gaia.be\/index.php?rest_route=\/wp\/v2\/media\/1108"}],"wp:attachment":[{"href":"https:\/\/www.qi-gaia.be\/index.php?rest_route=%2Fwp%2Fv2%2Fmedia&parent=1267"}],"wp:term":[{"taxonomy":"product_brand","embeddable":true,"href":"https:\/\/www.qi-gaia.be\/index.php?rest_route=%2Fwp%2Fv2%2Fproduct_brand&post=1267"},{"taxonomy":"product_cat","embeddable":true,"href":"https:\/\/www.qi-gaia.be\/index.php?rest_route=%2Fwp%2Fv2%2Fproduct_cat&post=1267"},{"taxonomy":"product_tag","embeddable":true,"href":"https:\/\/www.qi-gaia.be\/index.php?rest_route=%2Fwp%2Fv2%2Fproduct_tag&post=1267"}],"curies":[{"name":"wp","href":"https:\/\/api.w.org\/{rel}","templated":true}]}}