{"id":433,"date":"2023-08-02T18:56:25","date_gmt":"2023-08-02T18:56:25","guid":{"rendered":"https:\/\/qi-gaia.be\/?page_id=433"},"modified":"2025-05-25T15:43:13","modified_gmt":"2025-05-25T13:43:13","slug":"soins-audio","status":"publish","type":"page","link":"https:\/\/www.qi-gaia.be\/?page_id=433","title":{"rendered":"Audio-soins \u00e9nerg\u00e9tiques"},"content":{"rendered":"<p><img loading=\"lazy\" decoding=\"async\" class=\"alignnone size-medium wp-image-1190\" src=\"https:\/\/www.qi-gaia.be\/wp-content\/uploads\/2023\/10\/Screenshot_20231007_123647_Canva-300x288.jpg\" alt=\"\" width=\"300\" height=\"288\" srcset=\"https:\/\/www.qi-gaia.be\/wp-content\/uploads\/2023\/10\/Screenshot_20231007_123647_Canva-300x288.jpg 300w, https:\/\/www.qi-gaia.be\/wp-content\/uploads\/2023\/10\/Screenshot_20231007_123647_Canva.jpg 324w\" sizes=\"auto, (max-width: 300px) 100vw, 300px\" \/><\/p>\n<p>&nbsp;<\/p>\n<p>C&rsquo;est un r\u00e9el bonheur de cr\u00e9er ces audio-soins \u00e9nerg\u00e9tiques canalis\u00e9s.<\/p>\n<p>&nbsp;<\/p>\n<p>Il y a tout d&rsquo;abord <em>l<strong>es<\/strong><strong> audio-soins \u00e9nerg\u00e9tiques intemporels<\/strong><\/em>:<\/p>\n<p>&nbsp;<\/p>\n<p>Comment sont-ils cr\u00e9\u00e9s?<\/p>\n<p>&nbsp;<\/p>\n<p>Un jour, je ressens l&rsquo;appel de cr\u00e9er un audio sur une probl\u00e9matique particuli\u00e8re et la, je m&rsquo;ancre bien et m&rsquo;enracine dans l&rsquo;instant et demande \u00e0 \u00eatre guid\u00e9e par ma team de lumi\u00e8re pour que ce soin apporte exactement ce dont a besoin la personne qui sentira l&rsquo;appel et acquierera cet audio.<\/p>\n<p>&nbsp;<\/p>\n<p>En canalisation pure, je ressens ce qui doit \u00eatre, fait, dit, chant\u00e9 ou respir\u00e9.<\/p>\n<p>&nbsp;<\/p>\n<p>Ce soin est une combinaison de chamanisme, de quantique, de souffle, chant et langage de l&rsquo;\u00e2me. Une combinaison de d\u00e9programmation et reprogrammation cellulaire alli\u00e9 \u00e0 un nettoyage \u00e9nerg\u00e9tique en profondeur.<\/p>\n<p>&nbsp;<\/p>\n<p>Un moment intemporel qui vous apporte une l\u00e9geret\u00e9 hors du commun pour continuer votre beau chemin de vie.<\/p>\n<p>&nbsp;<\/p>\n<p>Ensuite viennent les\u00a0<em> audio-soins li\u00e9s aux \u00e9nergies lunaires<\/em>.<\/p>\n<p>&nbsp;<\/p>\n<p>Toutes les nouvelles lunes et pleines lunes, je canalise un audio-soin en lien avec ces magnifiques \u00e9nergies pour vous aider \u00e0 passer ces caps parfois difficiles et profiter pleinement de ces \u00e9nergies de changement avec le plus de fluidit\u00e9 possible.<\/p>\n<p>&nbsp;<\/p>\n<p>Enfin viennent les audio-soins personnalis\u00e9s: vous me contactez pour une probl\u00e9matique particuli\u00e8re et je me connecte \u00e0 votre \u00e9nergie et vous envoie un audio-soin personnalis\u00e9 cr\u00e9\u00e9 pour vous all\u00e9ger de ce qui vous p\u00e8se ou pour d\u00e9bloquer ce qui doit l&rsquo;\u00eatre pour rendre votre chemin de vie plus fluide et agr\u00e9able.<\/p>\n<p>&nbsp;<\/p>\n<p><em>Comment utiliser les audio-soins \u00e9nerg\u00e9tiques:<\/em><\/p>\n<p>&nbsp;<\/p>\n<ul>\n<li>Les audio-soins\u00a0 \u00e9nerg\u00e9tiques sont constitu\u00e9s approximativement de 15 et 20 minutes d&rsquo;\u00e9coute et d&rsquo;une heure au total d&rsquo;activations cellulaires et de nettoyage des \u00e9nergies d\u00e9l\u00e9t\u00e8res.<\/li>\n<\/ul>\n<p>&nbsp;<\/p>\n<ul>\n<li>Installez vous confortablement et veillez \u00e0 ne pas \u00eatre d\u00e9rang\u00e9.<\/li>\n<\/ul>\n<p>&nbsp;<\/p>\n<ul>\n<li>Buvez un grand verre d&rsquo;eau avant et pr\u00e9voyez en un \u00e9galement pour apr\u00e8s le soin<\/li>\n<\/ul>\n<p>&nbsp;<\/p>\n<ul>\n<li>Allumez une bougie si vous en ressentez le d\u00e9sir<\/li>\n<\/ul>\n<p>&nbsp;<\/p>\n<ul>\n<li>Appuyez sur play en \u00e9mettant l&rsquo;intention forte de recevoir de ce soin exactement ce dont vous avez besoin.<\/li>\n<\/ul>\n<p>&nbsp;<\/p>\n<ul>\n<li style=\"text-align: left;\">Suite \u00e0 ces audio-soins \u00e9nerg\u00e9tiques, vous pouvez ressentir diff\u00e9rentes \u00e9motions et des \u00e9nergies fluctuantes. Ne jugez pas vos ressentis, le r\u00e9\u00e9quilibrage de vos \u00e9nergies peut prendre de plusieurs heures \u00e0 plusieurs jours selon les sensibilit\u00e9s.<\/li>\n<\/ul>\n<p>&nbsp;<\/p>\n<p>Les soins mentionn\u00e9s ici ne sont pas m\u00e9dicaux et ne se substituent pas \u00e0 une consultation ou \u00e0 un diagnostic m\u00e9dical, ils sont compl\u00e9mentaires.<\/p>\n","protected":false},"excerpt":{"rendered":"<p>&nbsp; C&rsquo;est un r\u00e9el bonheur de cr\u00e9er ces audio-soins \u00e9nerg\u00e9tiques canalis\u00e9s. &nbsp; Il y a tout d&rsquo;abord les audio-soins \u00e9nerg\u00e9tiques intemporels: &nbsp; Comment sont-ils cr\u00e9\u00e9s? &nbsp; Un jour, je ressens l&rsquo;appel de cr\u00e9er un audio sur une probl\u00e9matique particuli\u00e8re et la, je m&rsquo;ancre bien et m&rsquo;enracine dans l&rsquo;instant et demande \u00e0 \u00eatre guid\u00e9e par ma&#8230;<\/p>\n","protected":false},"author":1,"featured_media":0,"parent":0,"menu_order":0,"comment_status":"closed","ping_status":"closed","template":"","meta":{"_kadence_starter_templates_imported_post":false,"_kad_post_transparent":"","_kad_post_title":"","_kad_post_layout":"","_kad_post_sidebar_id":"","_kad_post_content_style":"","_kad_post_vertical_padding":"","_kad_post_feature":"","_kad_post_feature_position":"","_kad_post_header":false,"_kad_post_footer":false,"_kad_post_classname":"","footnotes":""},"class_list":["post-433","page","type-page","status-publish","hentry"],"jetpack_sharing_enabled":true,"_links":{"self":[{"href":"https:\/\/www.qi-gaia.be\/index.php?rest_route=\/wp\/v2\/pages\/433","targetHints":{"allow":["GET"]}}],"collection":[{"href":"https:\/\/www.qi-gaia.be\/index.php?rest_route=\/wp\/v2\/pages"}],"about":[{"href":"https:\/\/www.qi-gaia.be\/index.php?rest_route=\/wp\/v2\/types\/page"}],"author":[{"embeddable":true,"href":"https:\/\/www.qi-gaia.be\/index.php?rest_route=\/wp\/v2\/users\/1"}],"replies":[{"embeddable":true,"href":"https:\/\/www.qi-gaia.be\/index.php?rest_route=%2Fwp%2Fv2%2Fcomments&post=433"}],"version-history":[{"count":0,"href":"https:\/\/www.qi-gaia.be\/index.php?rest_route=\/wp\/v2\/pages\/433\/revisions"}],"wp:attachment":[{"href":"https:\/\/www.qi-gaia.be\/index.php?rest_route=%2Fwp%2Fv2%2Fmedia&parent=433"}],"curies":[{"name":"wp","href":"https:\/\/api.w.org\/{rel}","templated":true}]}}