{"id":1889,"date":"2026-03-29T13:26:34","date_gmt":"2026-03-29T11:26:34","guid":{"rendered":"https:\/\/www.qi-gaia.be\/?page_id=1889"},"modified":"2026-03-29T19:10:01","modified_gmt":"2026-03-29T17:10:01","slug":"relaxations-guidees-frequentielles","status":"publish","type":"page","link":"https:\/\/www.qi-gaia.be\/?page_id=1889","title":{"rendered":"Relaxations guid\u00e9es fr\u00e9quentielles"},"content":{"rendered":"<p><img loading=\"lazy\" decoding=\"async\" class=\"alignnone size-medium wp-image-1888\" src=\"https:\/\/www.qi-gaia.be\/wp-content\/uploads\/2026\/03\/9f992a27-9cf5-4c59-bffb-f0540e17ecc6-300x200.jpg\" alt=\"\" width=\"300\" height=\"200\" srcset=\"https:\/\/www.qi-gaia.be\/wp-content\/uploads\/2026\/03\/9f992a27-9cf5-4c59-bffb-f0540e17ecc6-300x200.jpg 300w, https:\/\/www.qi-gaia.be\/wp-content\/uploads\/2026\/03\/9f992a27-9cf5-4c59-bffb-f0540e17ecc6-1024x683.jpg 1024w, https:\/\/www.qi-gaia.be\/wp-content\/uploads\/2026\/03\/9f992a27-9cf5-4c59-bffb-f0540e17ecc6-768x512.jpg 768w, https:\/\/www.qi-gaia.be\/wp-content\/uploads\/2026\/03\/9f992a27-9cf5-4c59-bffb-f0540e17ecc6-1320x880.jpg 1320w, https:\/\/www.qi-gaia.be\/wp-content\/uploads\/2026\/03\/9f992a27-9cf5-4c59-bffb-f0540e17ecc6-399x266.jpg 399w, https:\/\/www.qi-gaia.be\/wp-content\/uploads\/2026\/03\/9f992a27-9cf5-4c59-bffb-f0540e17ecc6.jpg 1536w\" sizes=\"auto, (max-width: 300px) 100vw, 300px\" \/><\/p>\n<p>&nbsp;<\/p>\n<h3>Les relaxations guid\u00e9es fr\u00e9quentielles<\/h3>\n<p><a href=\"https:\/\/www.qi-gaia.be\/?product=relaxation-guidee-frequentielle-retour-a-soi\">Relaxation guid\u00e9e fr\u00e9quentielle \u2014 Retour \u00e0 soi<\/a><\/p>\n<p data-section-id=\"4kcm3q\" data-start=\"386\" data-end=\"404\">\u00a0<em>Un espace pour ralentir,<\/em><br data-start=\"335\" data-end=\"338\" \/><em>respirer\u2026<\/em><br data-start=\"347\" data-end=\"350\" \/><em>et revenir \u00e0 toi, en douceur.<\/em><\/p>\n<p>&nbsp;<\/p>\n<h4 data-section-id=\"4kcm3q\" data-start=\"386\" data-end=\"404\"><em>Ces relaxations sont des invitations \u00e0 te d\u00e9poser,<\/em><br data-start=\"456\" data-end=\"459\" \/><em>\u00e0 rel\u00e2cher les tensions du quotidien<\/em><br data-start=\"495\" data-end=\"498\" \/><em>et \u00e0 apaiser ce qui se vit en toi.<\/em><\/h4>\n<p>&nbsp;<\/p>\n<p data-start=\"534\" data-end=\"710\">\u00c0 travers la voix, les fr\u00e9quences et les vibrations,<br data-start=\"586\" data-end=\"589\" \/>je t\u2019accompagne dans un voyage int\u00e9rieur simple et accessible,<br data-start=\"651\" data-end=\"654\" \/>o\u00f9 le corps peut se d\u00e9tendre,<br data-start=\"683\" data-end=\"686\" \/>et le mental se d\u00e9poser.<\/p>\n<hr data-start=\"712\" data-end=\"715\" \/>\n<h4 data-section-id=\"1afl3nd\" data-start=\"717\" data-end=\"750\"><em>\u00a0Ce que cela peut t\u2019apporter<\/em><\/h4>\n<p>&nbsp;<\/p>\n<p data-start=\"752\" data-end=\"768\">Un moment pour :<\/p>\n<ul data-start=\"770\" data-end=\"963\">\n<li data-section-id=\"1nwxolk\" data-start=\"770\" data-end=\"808\">rel\u00e2cher le stress et les tensions<\/li>\n<li data-section-id=\"19wf3tv\" data-start=\"809\" data-end=\"830\">apaiser le mental<\/li>\n<li data-section-id=\"1235amt\" data-start=\"831\" data-end=\"871\">retrouver un \u00e9tat de calme int\u00e9rieur<\/li>\n<li data-section-id=\"1rgsi2h\" data-start=\"872\" data-end=\"922\">te reconnecter \u00e0 ton corps et \u00e0 ta respiration<\/li>\n<li data-section-id=\"mmm49u\" data-start=\"923\" data-end=\"963\">t\u2019offrir un espace rien que pour toi<\/li>\n<\/ul>\n<p data-start=\"965\" data-end=\"1055\">Chaque exp\u00e9rience est unique,<br data-start=\"994\" data-end=\"997\" \/>et vient soutenir ce qui a besoin de l\u2019\u00eatre,<br data-start=\"1041\" data-end=\"1044\" \/>en douceur.<\/p>\n<hr data-start=\"1057\" data-end=\"1060\" \/>\n<h4 data-section-id=\"r1kn1e\" data-start=\"1062\" data-end=\"1078\">\u00a0<em>Pour qui ?<\/em><\/h4>\n<p>&nbsp;<\/p>\n<p data-start=\"1080\" data-end=\"1131\">Ces relaxations sont particuli\u00e8rement adapt\u00e9es si :<\/p>\n<ul data-start=\"1133\" data-end=\"1310\">\n<li data-section-id=\"givla5\" data-start=\"1133\" data-end=\"1161\">tu d\u00e9couvres cet univers<\/li>\n<li data-section-id=\"1qtuhmx\" data-start=\"1162\" data-end=\"1198\">tu ressens le besoin de ralentir<\/li>\n<li data-section-id=\"yj860r\" data-start=\"1199\" data-end=\"1245\">tu te sens stress\u00e9e, fatigu\u00e9e ou dispers\u00e9e<\/li>\n<li data-section-id=\"shk4hk\" data-start=\"1246\" data-end=\"1310\">tu souhaites simplement t\u2019offrir un moment de pr\u00e9sence \u00e0 toi<\/li>\n<\/ul>\n<p data-start=\"1312\" data-end=\"1387\">Aucune exp\u00e9rience n\u2019est n\u00e9cessaire.<br data-start=\"1347\" data-end=\"1350\" \/>Tu peux simplement te laisser porter.<\/p>\n<hr data-start=\"1389\" data-end=\"1392\" \/>\n<h4 data-section-id=\"n4of16\" data-start=\"1394\" data-end=\"1421\"><em>Comment cela se passe?<\/em><\/h4>\n<p>&nbsp;<\/p>\n<p data-start=\"1423\" data-end=\"1520\">Tu peux \u00e9couter ces relaxations<br data-start=\"1454\" data-end=\"1457\" \/>dans un endroit calme,<br data-start=\"1479\" data-end=\"1482\" \/>allong\u00e9e ou confortablement install\u00e9e.<\/p>\n<p data-start=\"1522\" data-end=\"1634\">Il te suffit de te laisser guider par la voix<br data-start=\"1567\" data-end=\"1570\" \/>et d\u2019accueillir ce qui se pr\u00e9sente,<br data-start=\"1605\" data-end=\"1608\" \/>sans attente particuli\u00e8re.<\/p>\n<p data-start=\"1636\" data-end=\"1707\">Chaque \u00e9coute est diff\u00e9rente,<br data-start=\"1665\" data-end=\"1668\" \/>et vient s\u2019adapter naturellement \u00e0 toi.<\/p>\n<hr data-start=\"1709\" data-end=\"1712\" \/>\n<h4 data-section-id=\"1leam36\" data-start=\"1714\" data-end=\"1730\"><em>\u00a0Invitation<\/em><\/h4>\n<p>&nbsp;<\/p>\n<p data-start=\"1732\" data-end=\"1806\">Tu peux choisir la relaxation qui t\u2019appelle,<br data-start=\"1776\" data-end=\"1779\" \/>selon ton besoin du moment.<\/p>\n<p data-start=\"1808\" data-end=\"1888\">Prends ce temps pour toi,<br data-start=\"1833\" data-end=\"1836\" \/>comme un espace de pause<br data-start=\"1860\" data-end=\"1863\" \/>au c\u0153ur de ton quotidien.<\/p>\n<p data-start=\"1909\" data-end=\"1940\">\u2728 <strong data-start=\"1911\" data-end=\"1940\">D\u00e9couvrir les relaxations<\/strong><\/p>\n<pre data-start=\"2043\" data-end=\"2184\">Les soins et relaxations propos\u00e9s<br data-start=\"2076\" data-end=\"2079\" \/>s\u2019inscrivent dans une d\u00e9marche de mieux-\u00eatre<br data-start=\"2123\" data-end=\"2126\" \/>et ne remplacent en aucun cas un avis ou un suivi m\u00e9dical.<\/pre>\n","protected":false},"excerpt":{"rendered":"<p>&nbsp; Les relaxations guid\u00e9es fr\u00e9quentielles Relaxation guid\u00e9e fr\u00e9quentielle \u2014 Retour \u00e0 soi \u00a0Un espace pour ralentir,respirer\u2026et revenir \u00e0 toi, en douceur. &nbsp; Ces relaxations sont des invitations \u00e0 te d\u00e9poser,\u00e0 rel\u00e2cher les tensions du quotidienet \u00e0 apaiser ce qui se vit en toi. &nbsp; \u00c0 travers la voix, les fr\u00e9quences et les vibrations,je t\u2019accompagne dans&#8230;<\/p>\n","protected":false},"author":1,"featured_media":0,"parent":0,"menu_order":0,"comment_status":"closed","ping_status":"closed","template":"","meta":{"_kadence_starter_templates_imported_post":false,"_kad_post_transparent":"","_kad_post_title":"","_kad_post_layout":"","_kad_post_sidebar_id":"","_kad_post_content_style":"","_kad_post_vertical_padding":"","_kad_post_feature":"","_kad_post_feature_position":"","_kad_post_header":false,"_kad_post_footer":false,"_kad_post_classname":"","footnotes":""},"class_list":["post-1889","page","type-page","status-publish","hentry"],"jetpack_sharing_enabled":true,"_links":{"self":[{"href":"https:\/\/www.qi-gaia.be\/index.php?rest_route=\/wp\/v2\/pages\/1889","targetHints":{"allow":["GET"]}}],"collection":[{"href":"https:\/\/www.qi-gaia.be\/index.php?rest_route=\/wp\/v2\/pages"}],"about":[{"href":"https:\/\/www.qi-gaia.be\/index.php?rest_route=\/wp\/v2\/types\/page"}],"author":[{"embeddable":true,"href":"https:\/\/www.qi-gaia.be\/index.php?rest_route=\/wp\/v2\/users\/1"}],"replies":[{"embeddable":true,"href":"https:\/\/www.qi-gaia.be\/index.php?rest_route=%2Fwp%2Fv2%2Fcomments&post=1889"}],"version-history":[{"count":9,"href":"https:\/\/www.qi-gaia.be\/index.php?rest_route=\/wp\/v2\/pages\/1889\/revisions"}],"predecessor-version":[{"id":1901,"href":"https:\/\/www.qi-gaia.be\/index.php?rest_route=\/wp\/v2\/pages\/1889\/revisions\/1901"}],"wp:attachment":[{"href":"https:\/\/www.qi-gaia.be\/index.php?rest_route=%2Fwp%2Fv2%2Fmedia&parent=1889"}],"curies":[{"name":"wp","href":"https:\/\/api.w.org\/{rel}","templated":true}]}}