{"id":1665,"date":"2025-05-25T14:36:36","date_gmt":"2025-05-25T12:36:36","guid":{"rendered":"https:\/\/www.qi-gaia.be\/?page_id=1665"},"modified":"2026-04-02T15:15:05","modified_gmt":"2026-04-02T13:15:05","slug":"les-soins-proposes","status":"publish","type":"page","link":"https:\/\/www.qi-gaia.be\/?page_id=1665","title":{"rendered":"Les exp\u00e9riences \u00e0 vivre"},"content":{"rendered":"\n<h5 class=\"wp-block-heading has-text-align-center\"><strong><em>Ici, je te propose diff\u00e9rents espaces \u00e0 vivre,<\/em><br><em>selon ton rythme,<\/em><br><em>selon ce qui t\u2019appelle aujourd\u2019hui.<\/em><\/strong><\/h5>\n\n\n\n<h5 class=\"wp-block-heading has-text-align-center\"><strong><em>Chaque exp\u00e9rience est une porte,<\/em><br><em>un chemin vers plus de pr\u00e9sence,<\/em><br><em>de douceur<\/em><br><em>et de connexion \u00e0 toi.<\/em><\/strong><\/h5>\n\n\n<div class=\"wp-block-image wp-image-1888\">\n<figure class=\"aligncenter\"><img loading=\"lazy\" decoding=\"async\" width=\"300\" height=\"200\" src=\"https:\/\/www.qi-gaia.be\/wp-content\/uploads\/2026\/03\/9f992a27-9cf5-4c59-bffb-f0540e17ecc6-300x200.jpg\" alt=\"\" class=\"wp-image-1888\" srcset=\"https:\/\/www.qi-gaia.be\/wp-content\/uploads\/2026\/03\/9f992a27-9cf5-4c59-bffb-f0540e17ecc6-300x200.jpg 300w, https:\/\/www.qi-gaia.be\/wp-content\/uploads\/2026\/03\/9f992a27-9cf5-4c59-bffb-f0540e17ecc6-1024x683.jpg 1024w, https:\/\/www.qi-gaia.be\/wp-content\/uploads\/2026\/03\/9f992a27-9cf5-4c59-bffb-f0540e17ecc6-768x512.jpg 768w, https:\/\/www.qi-gaia.be\/wp-content\/uploads\/2026\/03\/9f992a27-9cf5-4c59-bffb-f0540e17ecc6-1320x880.jpg 1320w, https:\/\/www.qi-gaia.be\/wp-content\/uploads\/2026\/03\/9f992a27-9cf5-4c59-bffb-f0540e17ecc6-399x266.jpg 399w, https:\/\/www.qi-gaia.be\/wp-content\/uploads\/2026\/03\/9f992a27-9cf5-4c59-bffb-f0540e17ecc6.jpg 1536w\" sizes=\"auto, (max-width: 300px) 100vw, 300px\" \/><figcaption class=\"wp-element-caption\"><br><a href=\"https:\/\/www.qi-gaia.be\/?page_id=1889\">Relaxations guid\u00e9es fr\u00e9quentielles<\/a><br><br><p><a href=\"https:\/\/www.qi-gaia.be\/soins-energetiques-personnalises-votre-chemin-unique-vers-la-guerison-et-lepanouissement\"><img loading=\"lazy\" decoding=\"async\" width=\"300\" height=\"140\" class=\"wp-image-1059 size-medium\" src=\"https:\/\/www.qi-gaia.be\/wp-content\/uploads\/2023\/09\/Screenshot_20230902_124359_Chrome-300x140.jpg\" alt=\"\" srcset=\"https:\/\/www.qi-gaia.be\/wp-content\/uploads\/2023\/09\/Screenshot_20230902_124359_Chrome-300x140.jpg 300w, https:\/\/www.qi-gaia.be\/wp-content\/uploads\/2023\/09\/Screenshot_20230902_124359_Chrome-600x280.jpg 600w, https:\/\/www.qi-gaia.be\/wp-content\/uploads\/2023\/09\/Screenshot_20230902_124359_Chrome-768x358.jpg 768w, https:\/\/www.qi-gaia.be\/wp-content\/uploads\/2023\/09\/Screenshot_20230902_124359_Chrome.jpg 938w\" sizes=\"auto, (max-width: 300px) 100vw, 300px\" \/><\/a> <a href=\"https:\/\/www.qi-gaia.be\/?page_id=1114\">Soins \u00c9nerg\u00e9tiques Personnalis\u00e9s<\/a><\/p><\/figcaption><\/figure>\n<\/div>\n\n<div class=\"wp-block-image wp-image-1192 size-medium\">\n<figure class=\"aligncenter\"><img loading=\"lazy\" decoding=\"async\" width=\"300\" height=\"166\" src=\"https:\/\/www.qi-gaia.be\/wp-content\/uploads\/2023\/10\/Screenshot_20231007_124942_Canva-300x166.jpg\" alt=\"\" class=\"wp-image-1192\" srcset=\"https:\/\/www.qi-gaia.be\/wp-content\/uploads\/2023\/10\/Screenshot_20231007_124942_Canva-300x166.jpg 300w, https:\/\/www.qi-gaia.be\/wp-content\/uploads\/2023\/10\/Screenshot_20231007_124942_Canva-399x221.jpg 399w, https:\/\/www.qi-gaia.be\/wp-content\/uploads\/2023\/10\/Screenshot_20231007_124942_Canva.jpg 444w\" sizes=\"auto, (max-width: 300px) 100vw, 300px\" \/><figcaption class=\"wp-element-caption\"><br><a href=\"https:\/\/www.qi-gaia.be\/?page_id=1162\">La kin\u00e9siologie de la sant\u00e9\/ Bio\u00e9nerg\u00e9tique naturelle<\/a><\/figcaption><\/figure>\n<\/div>\n\n\n<p>&nbsp;<\/p>\n\n\n<div class=\"wp-block-image\">\n<figure class=\"aligncenter\"><a href=\"https:\/\/www.qi-gaia.be\/soins-audio\"><img loading=\"lazy\" decoding=\"async\" width=\"300\" height=\"288\" src=\"https:\/\/www.qi-gaia.be\/wp-content\/uploads\/2023\/10\/Screenshot_20231007_123647_Canva-300x288.jpg\" alt=\"\" class=\"wp-image-1190\" srcset=\"https:\/\/www.qi-gaia.be\/wp-content\/uploads\/2023\/10\/Screenshot_20231007_123647_Canva-300x288.jpg 300w, https:\/\/www.qi-gaia.be\/wp-content\/uploads\/2023\/10\/Screenshot_20231007_123647_Canva.jpg 324w\" sizes=\"auto, (max-width: 300px) 100vw, 300px\" \/><\/a><figcaption class=\"wp-element-caption\"><a href=\"https:\/\/www.qi-gaia.be\/?page_id=433\">Audio-soins \u00e9nerg\u00e9tiques<\/a><\/figcaption><\/figure>\n<\/div>\n\n\n<p>&nbsp;<\/p>\n","protected":false},"excerpt":{"rendered":"<p>Ici, je te propose diff\u00e9rents espaces \u00e0 vivre,selon ton rythme,selon ce qui t\u2019appelle aujourd\u2019hui. Chaque exp\u00e9rience est une porte,un chemin vers plus de pr\u00e9sence,de douceuret de connexion \u00e0 toi. &nbsp; &nbsp;<\/p>\n","protected":false},"author":1,"featured_media":0,"parent":0,"menu_order":0,"comment_status":"closed","ping_status":"closed","template":"","meta":{"_kadence_starter_templates_imported_post":false,"_kad_post_transparent":"","_kad_post_title":"","_kad_post_layout":"","_kad_post_sidebar_id":"","_kad_post_content_style":"","_kad_post_vertical_padding":"","_kad_post_feature":"","_kad_post_feature_position":"","_kad_post_header":false,"_kad_post_footer":false,"_kad_post_classname":"","footnotes":""},"class_list":["post-1665","page","type-page","status-publish","hentry"],"jetpack_sharing_enabled":true,"_links":{"self":[{"href":"https:\/\/www.qi-gaia.be\/index.php?rest_route=\/wp\/v2\/pages\/1665","targetHints":{"allow":["GET"]}}],"collection":[{"href":"https:\/\/www.qi-gaia.be\/index.php?rest_route=\/wp\/v2\/pages"}],"about":[{"href":"https:\/\/www.qi-gaia.be\/index.php?rest_route=\/wp\/v2\/types\/page"}],"author":[{"embeddable":true,"href":"https:\/\/www.qi-gaia.be\/index.php?rest_route=\/wp\/v2\/users\/1"}],"replies":[{"embeddable":true,"href":"https:\/\/www.qi-gaia.be\/index.php?rest_route=%2Fwp%2Fv2%2Fcomments&post=1665"}],"version-history":[{"count":13,"href":"https:\/\/www.qi-gaia.be\/index.php?rest_route=\/wp\/v2\/pages\/1665\/revisions"}],"predecessor-version":[{"id":1926,"href":"https:\/\/www.qi-gaia.be\/index.php?rest_route=\/wp\/v2\/pages\/1665\/revisions\/1926"}],"wp:attachment":[{"href":"https:\/\/www.qi-gaia.be\/index.php?rest_route=%2Fwp%2Fv2%2Fmedia&parent=1665"}],"curies":[{"name":"wp","href":"https:\/\/api.w.org\/{rel}","templated":true}]}}