{"id":1114,"date":"2023-09-24T15:35:56","date_gmt":"2023-09-24T13:35:56","guid":{"rendered":"https:\/\/www.qi-gaia.be\/?page_id=1114"},"modified":"2023-10-17T10:47:02","modified_gmt":"2023-10-17T08:47:02","slug":"soins-energetiques-personnalises-votre-chemin-unique-vers-la-guerison-et-lepanouissement","status":"publish","type":"page","link":"https:\/\/www.qi-gaia.be\/?page_id=1114","title":{"rendered":"Soins \u00c9nerg\u00e9tiques Personnalis\u00e9s : Votre Chemin Unique Vers la Gu\u00e9rison et l&rsquo;\u00c9panouissement"},"content":{"rendered":"<p><img loading=\"lazy\" decoding=\"async\" class=\"alignnone size-medium wp-image-1059\" src=\"https:\/\/www.qi-gaia.be\/wp-content\/uploads\/2023\/09\/Screenshot_20230902_124359_Chrome-300x140.jpg\" alt=\"\" width=\"300\" height=\"140\" srcset=\"https:\/\/www.qi-gaia.be\/wp-content\/uploads\/2023\/09\/Screenshot_20230902_124359_Chrome-300x140.jpg 300w, https:\/\/www.qi-gaia.be\/wp-content\/uploads\/2023\/09\/Screenshot_20230902_124359_Chrome-600x280.jpg 600w, https:\/\/www.qi-gaia.be\/wp-content\/uploads\/2023\/09\/Screenshot_20230902_124359_Chrome-768x358.jpg 768w, https:\/\/www.qi-gaia.be\/wp-content\/uploads\/2023\/09\/Screenshot_20230902_124359_Chrome.jpg 938w\" sizes=\"auto, (max-width: 300px) 100vw, 300px\" \/><\/p>\n<p>&nbsp;<\/p>\n<p>Lorsque vous faites appel \u00e0 moi, vous entrez dans un espace o\u00f9 les soins \u00e9nerg\u00e9tiques sont con\u00e7us sp\u00e9cifiquement pour vous, en utilisant une combinaison de techniques puissantes adapt\u00e9es \u00e0 votre \u00eatre unique.<\/p>\n<p>Mon engagement est de vous aider \u00e0 restaurer l&rsquo;\u00e9quilibre, \u00e0 lib\u00e9rer les blocages et \u00e0 vous guider vers un mieux-\u00eatre complet.<\/p>\n<p>&nbsp;<\/p>\n<p><strong>\ud83c\udf1fLes Techniques au C\u0153ur de mes Soins \u00c9nerg\u00e9tiques Personnalis\u00e9s :<\/strong><\/p>\n<p>&nbsp;<\/p>\n<p><em>1. Kin\u00e9siologie de la Sant\u00e9 :<\/em> Cette m\u00e9thode holistique me permet d&rsquo;identifier vos d\u00e9s\u00e9quilibres \u00e9nerg\u00e9tiques et \u00e9motionnels, aidant ainsi \u00e0 trouver des solutions adapt\u00e9es \u00e0 vos besoins sp\u00e9cifiques.<\/p>\n<p><em>2. Reiki :<\/em>L&rsquo;\u00e9nergie universelle du Reiki est canalis\u00e9e pour favoriser la gu\u00e9rison, la relaxation profonde et l&rsquo;harmonisation de vos centres \u00e9nerg\u00e9tiques.<\/p>\n<p><em>3. Roue de la M\u00e9decine du Peuple Q&rsquo;eros :<\/em> Issue de la sagesse des peuples Q&rsquo;eros des Andes p\u00e9ruviennes, cette m\u00e9thode vous connecte aux \u00e9nergies de la nature pour la gu\u00e9rison et la transformation.<\/p>\n<p><em>4. Lahochi 13\u00e8me Octave :<\/em> Cette technique de haute fr\u00e9quence vibratoire lib\u00e8re vos blocages \u00e9nerg\u00e9tiques et favorise l&rsquo;expansion de votre conscience.<\/p>\n<p><em>5. Lib\u00e9ration transg\u00e9n\u00e9rationnelle:<\/em> Un voyage int\u00e9rieur pour un all\u00e9gement \u00e9motionnel et la lib\u00e9ration des traumatismes pass\u00e9s.<\/p>\n<p><em>6. Triangle d&rsquo;Or d&rsquo;Isis :<\/em> Une voie sacr\u00e9e pour \u00e9quilibrer vos \u00e9nergies, voyager dans votre subconscient et pour votre transformation spirituelle.<\/p>\n<p><em>7. Soins Quantiques :<\/em>\u00a0 L&rsquo;acc\u00e8s aux niveaux subtils de la r\u00e9alit\u00e9 pour d\u00e9nouer les n\u0153uds \u00e9nerg\u00e9tiques et promouvoir les lib\u00e9rations.<\/p>\n<p><em>8. D\u00e9programmation et Reprogrammation Cellulaire :<\/em> Lib\u00e9rer vos sch\u00e9mas de pens\u00e9e limitants et reprogrammer votre \u00eatre pour la sant\u00e9 et le bien-\u00eatre.<\/p>\n<p>&nbsp;<\/p>\n<p><strong>\u2728\ufe0fVotre Exp\u00e9rience Personnalis\u00e9e \u2728\ufe0f<\/strong><\/p>\n<p>&nbsp;<\/p>\n<p>Chaque s\u00e9ance est une exp\u00e9rience unique. Nous d\u00e9butons par une conversation bienveillante pour comprendre vos besoins et vos objectifs. Ensuite, j&rsquo;adapte ma combinaison de techniques \u00e9nerg\u00e9tiques pour cr\u00e9er un plan de soins personnalis\u00e9s qui vous guidera vers l&rsquo;\u00e9panouissement, le mieux-\u00eatre et la transformation.<\/p>\n<div class=\"x9f619 x1n2onr6 x1ja2u2z __fb-light-mode\" role=\"none\">\n<div class=\"x6prxxf x1fc57z9 x1yc453h x126k92a x14ctfv\" dir=\"auto\" role=\"none\"><\/div>\n<div dir=\"auto\" role=\"none\"><strong>\u2728\ufe0fR\u00e9servez Votre S\u00e9ance :<\/strong><\/div>\n<\/div>\n<p>Si vous cherchez une approche compl\u00e8te holistique qui reconna\u00eet votre unicit\u00e9, je suis l\u00e0 pour vous. R\u00e9servez votre s\u00e9ance d\u00e8s aujourd&rsquo;hui et laissez-moi vous accompagner sur votre chemin vers la pl\u00e9nitude et la vitalit\u00e9.<\/p>\n<p>&nbsp;<\/p>\n<p><strong>\u2728\ufe0fEn\u00a0 pr\u00e9sentiel ou en visio:<\/strong><\/p>\n<p><strong>Tarifs:<\/strong><\/p>\n<p>90 euros la s\u00e9ance de 45 min<\/p>\n<p>120 euros la s\u00e9ance d&rsquo;une heure<\/p>\n<p>&nbsp;<\/p>\n<p>\u2728\ufe0fJe crois en la puissance du soin \u00e9nerg\u00e9tique personnalis\u00e9, et je suis honor\u00e9(e) de faire partie de votre voyage vers votre mieux-\u00eatre.<\/p>\n<p>Les soins mentionn\u00e9s ici ne sont pas m\u00e9dicaux et ne se substituent pas \u00e0 une consultation ou \u00e0 un diagnostic m\u00e9dical, ils sont compl\u00e9mentaires.<\/p>\n","protected":false},"excerpt":{"rendered":"<p>&nbsp; Lorsque vous faites appel \u00e0 moi, vous entrez dans un espace o\u00f9 les soins \u00e9nerg\u00e9tiques sont con\u00e7us sp\u00e9cifiquement pour vous, en utilisant une combinaison de techniques puissantes adapt\u00e9es \u00e0 votre \u00eatre unique. Mon engagement est de vous aider \u00e0 restaurer l&rsquo;\u00e9quilibre, \u00e0 lib\u00e9rer les blocages et \u00e0 vous guider vers un mieux-\u00eatre complet. &nbsp;&#8230;<\/p>\n","protected":false},"author":1,"featured_media":0,"parent":0,"menu_order":0,"comment_status":"closed","ping_status":"closed","template":"","meta":{"_kadence_starter_templates_imported_post":false,"_kad_post_transparent":"","_kad_post_title":"","_kad_post_layout":"","_kad_post_sidebar_id":"","_kad_post_content_style":"","_kad_post_vertical_padding":"","_kad_post_feature":"","_kad_post_feature_position":"","_kad_post_header":false,"_kad_post_footer":false,"_kad_post_classname":"","footnotes":""},"class_list":["post-1114","page","type-page","status-publish","hentry"],"jetpack_sharing_enabled":true,"_links":{"self":[{"href":"https:\/\/www.qi-gaia.be\/index.php?rest_route=\/wp\/v2\/pages\/1114","targetHints":{"allow":["GET"]}}],"collection":[{"href":"https:\/\/www.qi-gaia.be\/index.php?rest_route=\/wp\/v2\/pages"}],"about":[{"href":"https:\/\/www.qi-gaia.be\/index.php?rest_route=\/wp\/v2\/types\/page"}],"author":[{"embeddable":true,"href":"https:\/\/www.qi-gaia.be\/index.php?rest_route=\/wp\/v2\/users\/1"}],"replies":[{"embeddable":true,"href":"https:\/\/www.qi-gaia.be\/index.php?rest_route=%2Fwp%2Fv2%2Fcomments&post=1114"}],"version-history":[{"count":0,"href":"https:\/\/www.qi-gaia.be\/index.php?rest_route=\/wp\/v2\/pages\/1114\/revisions"}],"wp:attachment":[{"href":"https:\/\/www.qi-gaia.be\/index.php?rest_route=%2Fwp%2Fv2%2Fmedia&parent=1114"}],"curies":[{"name":"wp","href":"https:\/\/api.w.org\/{rel}","templated":true}]}}