{"id":1074,"date":"2023-09-02T14:12:31","date_gmt":"2023-09-02T12:12:31","guid":{"rendered":"https:\/\/www.qi-gaia.be\/?page_id=1074"},"modified":"2026-04-02T19:56:32","modified_gmt":"2026-04-02T17:56:32","slug":"bienvenue","status":"publish","type":"page","link":"https:\/\/www.qi-gaia.be\/","title":{"rendered":"Accueil"},"content":{"rendered":"<div class=\"wp-block-image\">\n<figure class=\"aligncenter\"><img loading=\"lazy\" decoding=\"async\" width=\"300\" height=\"300\" src=\"https:\/\/www.qi-gaia.be\/wp-content\/uploads\/2026\/01\/file_00000000cb8471f488c756a2fdc08386-1-300x300.png\" alt=\"\" class=\"wp-image-1846\" srcset=\"https:\/\/www.qi-gaia.be\/wp-content\/uploads\/2026\/01\/file_00000000cb8471f488c756a2fdc08386-1-300x300.png 300w, https:\/\/www.qi-gaia.be\/wp-content\/uploads\/2026\/01\/file_00000000cb8471f488c756a2fdc08386-1-150x150.png 150w, https:\/\/www.qi-gaia.be\/wp-content\/uploads\/2026\/01\/file_00000000cb8471f488c756a2fdc08386-1-768x768.png 768w, https:\/\/www.qi-gaia.be\/wp-content\/uploads\/2026\/01\/file_00000000cb8471f488c756a2fdc08386-1-250x250.png 250w, https:\/\/www.qi-gaia.be\/wp-content\/uploads\/2026\/01\/file_00000000cb8471f488c756a2fdc08386-1-399x399.png 399w, https:\/\/www.qi-gaia.be\/wp-content\/uploads\/2026\/01\/file_00000000cb8471f488c756a2fdc08386-1-100x100.png 100w, https:\/\/www.qi-gaia.be\/wp-content\/uploads\/2026\/01\/file_00000000cb8471f488c756a2fdc08386-1.png 1024w\" sizes=\"auto, (max-width: 300px) 100vw, 300px\" \/><\/figure>\n<\/div>\n\n\n<p class=\"has-text-align-center\"><em>\u00ab\u00a0Un espace pour te reconnecter \u00e0 toi, \u00e0 ton corps, \u00e0 ton c\u0153ur&#8230;et avancer avec plus de douceur et de clart\u00e9.\u00a0\u00bb<\/em><\/p>\n\n\n\n<p class=\"has-text-align-center\">\u00a0Chaleureuse bienvenue dans cet espace,<br> ce lieu o\u00f9 l\u2019on ralentit,<br> o\u00f9 l\u2019on respire,<br> o\u00f9 l\u2019on se d\u00e9pose un instant.<\/p>\n\n\n\n<p class=\"has-text-align-center\">Un espace de ressources pour te reconnecter \u00e0 toi, apaiser ce qui se vit en toi et retrouver plus de douceur dans ton corps et dans ta vie.<\/p>\n\n\n\n<p class=\"has-text-align-center\">Les propositions que tu trouveras ici sont des invitations \u00e0 plus de fluidit\u00e9 int\u00e9rieure, plus de pr\u00e9sence \u00e0 toi, et \u00e0 ce qui est l\u00e0, simplement.<\/p>\n\n\n\n<p class=\"has-text-align-center\">\u00a0C&rsquo;est avec grand plaisir que je t&rsquo;invite \u00e0 d\u00e9couvrir les diff\u00e9rents accompagnements.<\/p>\n\n\n\n<p class=\"has-text-align-center\">Tu peux \u00e9couter ton c\u0153ur et voir ce qui t&rsquo;appelle.<\/p>\n\n\n\n<p class=\"has-text-align-center\"><a href=\"https:\/\/www.qi-gaia.be\/?page_id=1114\">D\u00e9couvrir les accompagnements<\/a><\/p>\n\n\n\n<p>&nbsp;<\/p>\n","protected":false},"excerpt":{"rendered":"<p>\u00ab\u00a0Un espace pour te reconnecter \u00e0 toi, \u00e0 ton corps, \u00e0 ton c\u0153ur&#8230;et avancer avec plus de douceur et de clart\u00e9.\u00a0\u00bb \u00a0Chaleureuse bienvenue dans cet espace, ce lieu o\u00f9 l\u2019on ralentit, o\u00f9 l\u2019on respire, o\u00f9 l\u2019on se d\u00e9pose un instant. Un espace de ressources pour te reconnecter \u00e0 toi, apaiser ce qui se vit en&#8230;<\/p>\n","protected":false},"author":1,"featured_media":0,"parent":0,"menu_order":0,"comment_status":"closed","ping_status":"closed","template":"","meta":{"_kadence_starter_templates_imported_post":false,"_kad_post_transparent":"","_kad_post_title":"","_kad_post_layout":"","_kad_post_sidebar_id":"","_kad_post_content_style":"","_kad_post_vertical_padding":"","_kad_post_feature":"","_kad_post_feature_position":"","_kad_post_header":false,"_kad_post_footer":false,"_kad_post_classname":"","footnotes":""},"class_list":["post-1074","page","type-page","status-publish","hentry"],"jetpack_sharing_enabled":true,"_links":{"self":[{"href":"https:\/\/www.qi-gaia.be\/index.php?rest_route=\/wp\/v2\/pages\/1074","targetHints":{"allow":["GET"]}}],"collection":[{"href":"https:\/\/www.qi-gaia.be\/index.php?rest_route=\/wp\/v2\/pages"}],"about":[{"href":"https:\/\/www.qi-gaia.be\/index.php?rest_route=\/wp\/v2\/types\/page"}],"author":[{"embeddable":true,"href":"https:\/\/www.qi-gaia.be\/index.php?rest_route=\/wp\/v2\/users\/1"}],"replies":[{"embeddable":true,"href":"https:\/\/www.qi-gaia.be\/index.php?rest_route=%2Fwp%2Fv2%2Fcomments&post=1074"}],"version-history":[{"count":6,"href":"https:\/\/www.qi-gaia.be\/index.php?rest_route=\/wp\/v2\/pages\/1074\/revisions"}],"predecessor-version":[{"id":1914,"href":"https:\/\/www.qi-gaia.be\/index.php?rest_route=\/wp\/v2\/pages\/1074\/revisions\/1914"}],"wp:attachment":[{"href":"https:\/\/www.qi-gaia.be\/index.php?rest_route=%2Fwp%2Fv2%2Fmedia&parent=1074"}],"curies":[{"name":"wp","href":"https:\/\/api.w.org\/{rel}","templated":true}]}}